{"id":23436,"date":"2025-01-07T12:28:54","date_gmt":"2025-01-07T12:28:54","guid":{"rendered":"https:\/\/vboxx.eu\/microsoft-licenser\/"},"modified":"2025-09-03T16:09:53","modified_gmt":"2025-09-03T16:09:53","slug":"microsoft-licenser","status":"publish","type":"page","link":"https:\/\/vboxx.eu\/da\/microsoft-licenser\/","title":{"rendered":"Microsoft-licenser"},"content":{"rendered":"\t\t<div data-elementor-type=\"wp-page\" data-elementor-id=\"23436\" class=\"elementor elementor-23436 elementor-7683\" data-elementor-post-type=\"page\">\n\t\t\t\t\t\t<section class=\"pix-elementor-divider elementor-section elementor-top-section elementor-element elementor-element-3b5cf3db elementor-section-boxed elementor-section-height-default elementor-section-height-default\" data-id=\"3b5cf3db\" data-element_type=\"section\" data-e-type=\"section\">\n\t\t\t\t\t\t<div class=\"elementor-container elementor-column-gap-default\">\n\t\t\t\t\t<div class=\"elementor-column elementor-col-100 elementor-top-column elementor-element elementor-element-2c4f266\" data-id=\"2c4f266\" data-element_type=\"column\" data-e-type=\"column\">\n\t\t\t<div class=\"elementor-widget-wrap elementor-element-populated\">\n\t\t\t\t\t\t<div class=\"elementor-element elementor-element-fcc5893 elementor-widget elementor-widget-pix-sliding-text\" data-id=\"fcc5893\" data-element_type=\"widget\" data-e-type=\"widget\" data-widget_type=\"pix-sliding-text.default\">\n\t\t\t\t<div class=\"elementor-widget-container\">\n\t\t\t\t\t<div id=\"el-fcc5893\" class=\"mb-3 text-center \"><h1 class=\"mb-32 pix-sliding-headline-2 animate-in font-weight-bold body-font \" data-anim-type=\"pix-sliding-text\" pix-anim-delay=\"500\" data-class=\"body-font text-heading-default\" style=\"\"><span class=\"slide-in-container \"><span class=\"pix-sliding-item body-font text-heading-default\" style=\"transition-delay: 0ms;\">Microsoft-licenser&#32;<\/span><\/span> <\/h1><\/div>\t\t\t\t<\/div>\n\t\t\t\t<\/div>\n\t\t\t\t<div class=\"elementor-element elementor-element-7132d142 elementor-invisible elementor-widget elementor-widget-pix-text\" data-id=\"7132d142\" data-element_type=\"widget\" data-e-type=\"widget\" data-widget_type=\"pix-text.default\">\n\t\t\t\t<div class=\"elementor-widget-container\">\n\t\t\t\t\t<div class=\"pix-el-text w-100 text-center \" ><div class=\"d-inline-block\" style=\"max-width:500px;\"><p class=\"text-20 resp-option text-body-default text-center \" ><span class=\"text-body-default animate-in d-inline-block\" data-anim-delay=\"200\" data-anim-type=\"fade-in-up\">Microsoft-licenser: \u00c5ben, OEM og SPLA<\/span><\/p><\/div><\/div>\t\t\t\t<\/div>\n\t\t\t\t<\/div>\n\t\t\t\t\t<\/div>\n\t\t<\/div>\n\t\t\t\t\t<\/div>\n\t\t<\/section>\n\t\t<div class=\"pix-divider  position-relative pix-bottom-divider pix-divider-flip-h elementor-element elementor-element-3b5cf3db\" data-style=\"style-7\" ><svg xmlns=\"http:\/\/www.w3.org\/2000\/svg\" width=\"100%\"  viewBox=\"0 0 1200 118\" preserveAspectRatio=\"none\"><g class=\"animate-in\" data-anim-type=\"fade-in-right\" data-anim-delay=\"500\"><path class=\"pix-divider-layer-3\" fill=\"#6C757D1A\"  d=\"M0,52 C200.666667,18.6666667 600.666667,2 1200,2 C1200,41.3333333 1200,80 1200,118 L0,118 L0,52 Z\"  \/><\/g><g class=\"animate-in\" data-anim-type=\"fade-in-left\" data-anim-delay=\"1000\"><path class=\"pix-divider-layer-2\" fill=\"url(#divider-pix-accordion-680192-bottom-overlay-layer-2)\" d=\"M0,82 C400.666667,21.9096045 800.666667,-4.80225989 1200,1.86440678 C1200,41.2881356 1200,80 1200,118 L0,118 L0,82 Z\"  \/><\/g><path class=\"pix-divider-layer-1\" fill=\"#ffffff\" d=\"M0,112 C400.666667,36 800.666667,-0.666666667 1200,2 C1200,41.3333333 1200,80 1200,118 L0,118 L0,112 Z\"\/><defs><linearGradient id=\"divider-pix-accordion-680192-bottom-overlay-layer-2\" x1=\"0%\" y1=\"0%\" x2=\"100%\" y2=\"0%\"><stop offset=\"0%\"   stop-color=\"var(--e-global-color-text)\"\/><stop offset=\"100%\"   stop-color=\"#8A8A8A0D\"\/><\/linearGradient><\/defs><\/svg><\/div><div class=\"elementor-element elementor-element-0d9105a e-flex e-con-boxed e-con e-parent\" data-id=\"0d9105a\" data-element_type=\"container\" data-e-type=\"container\">\n\t\t\t\t\t<div class=\"e-con-inner\">\n\t\t<div class=\"elementor-element elementor-element-26fe205 e-con-full e-flex e-con e-child\" data-id=\"26fe205\" data-element_type=\"container\" data-e-type=\"container\">\n\t\t\t\t<div class=\"elementor-element elementor-element-84b7c99 elementor-widget elementor-widget-text-editor\" data-id=\"84b7c99\" data-element_type=\"widget\" data-e-type=\"widget\" data-widget_type=\"text-editor.default\">\n\t\t\t\t<div class=\"elementor-widget-container\">\n\t\t\t\t\t\t\t\t\t<h4 class=\"heading\">Maksimer din softwareinvestering<\/h4><div class=\"desc\"> <\/div><p>vBoxx arbejder ofte med licenser som virtuelle servere, arbejdspladser i skyen og komplette hostede milj\u00f8er til virksomheder. Drag fordel af forskellige rabatter og forskellige muligheder. <\/p><ul><li>\u00c5bne licenser<\/li><li>OEM<\/li><li>SPLA<\/li><\/ul>\t\t\t\t\t\t\t\t<\/div>\n\t\t\t\t<\/div>\n\t\t\t\t<div class=\"elementor-element elementor-element-8176d6a elementor-widget elementor-widget-pix-button\" data-id=\"8176d6a\" data-element_type=\"widget\" data-e-type=\"widget\" data-widget_type=\"pix-button.default\">\n\t\t\t\t<div class=\"elementor-widget-container\">\n\t\t\t\t\t<a  href=\"https:\/\/cp.vboxx.nl\/?\/cart\/microsoft-licenses\/\" class=\"btn m-0     shadow btn-primary d-inline-flex align-items-center pix-hover-item       btn-md\" target=\"_blank\" rel=\"noopener\"    ><svg class=\"pixfort-icon font-weight-bold  pix-hover-left  mr-2\" width=\"24\" height=\"24\"  data-name=\"Line\/pixfort-icon-arrow-right-circle-2\" viewBox=\"2 2 20 20\"><path fill=\"none\" stroke=\"var(--pf-icon-color)\" stroke-linecap=\"round\" stroke-linejoin=\"round\" stroke-width=\"var(--pf-icon-stroke-width)\" d=\"M12,21 C16.9705627,21 21,16.9705627 21,12 C21,7.02943725 16.9705627,3 12,3 C7.02943725,3 3,7.02943725 3,12 C3,16.9705627 7.02943725,21 12,21 Z M10.5,8 L14.5,12 L10.5,16\"\/><\/svg><span class=\"font-weight-bold \" >S\u00f8g efter licens<\/span><\/a>\t\t\t\t<\/div>\n\t\t\t\t<\/div>\n\t\t\t\t<\/div>\n\t\t\t\t<div class=\"elementor-element elementor-element-c1760c4 elementor-widget elementor-widget-pix-img\" data-id=\"c1760c4\" data-element_type=\"widget\" data-e-type=\"widget\" data-widget_type=\"pix-img.default\">\n\t\t\t\t<div class=\"elementor-widget-container\">\n\t\t\t\t\t<div id=\"el-c1760c4\" class=\"pix-img-element d-inline-block \" ><div class=\"pix-img-el     left d-inline-block   rounded-lg\"  ><img fetchpriority=\"high\" decoding=\"async\" width=\"1280\" height=\"540\" src=\"https:\/\/vboxx.eu\/wp-content\/uploads\/2025\/01\/microsoft-spla-vboxx.png\" class=\"pix-img-elem rounded-lg\" alt=\"microsoft licenser partner\" srcset=\"https:\/\/vboxx.eu\/wp-content\/uploads\/2025\/01\/microsoft-spla-vboxx.png 1280w, https:\/\/vboxx.eu\/wp-content\/uploads\/2025\/01\/microsoft-spla-vboxx-300x127.png 300w, https:\/\/vboxx.eu\/wp-content\/uploads\/2025\/01\/microsoft-spla-vboxx-1024x432.png 1024w, https:\/\/vboxx.eu\/wp-content\/uploads\/2025\/01\/microsoft-spla-vboxx-768x324.png 768w\" sizes=\"(max-width: 1280px) 100vw, 1280px\" \/><\/div><\/div>\t\t\t\t<\/div>\n\t\t\t\t<\/div>\n\t\t\t\t\t<\/div>\n\t\t\t\t<\/div>\n\t\t<div class=\"elementor-element elementor-element-1355b1f e-flex e-con-boxed e-con e-parent\" data-id=\"1355b1f\" data-element_type=\"container\" data-e-type=\"container\">\n\t\t\t\t\t<div class=\"e-con-inner\">\n\t\t\t\t<div class=\"elementor-element elementor-element-5fd45d1 elementor-widget elementor-widget-text-editor\" data-id=\"5fd45d1\" data-element_type=\"widget\" data-e-type=\"widget\" data-widget_type=\"text-editor.default\">\n\t\t\t\t<div class=\"elementor-widget-container\">\n\t\t\t\t\t\t\t\t\t<h4 class=\"heading\">Licenser til ny hardware<\/h4><div class=\"desc\"> <\/div><p class=\"p1\">Ved bestilling af ny hardware og SPLA-licenser kan vBoxx tilbyde licenser som f.eks. l\u00f8se MS Open Licenses og OEM-licenser. OEM Microsoft-licenser er kun tilg\u00e6ngelige for hostingudbydere som vBoxx og giver fleksibilitet. Du beh\u00f8ver ikke at k\u00f8be en licens separat, da den kan opkr\u00e6ves direkte sammen med din almindelige m\u00e5nedlige faktura.  <\/p>\t\t\t\t\t\t\t\t<\/div>\n\t\t\t\t<\/div>\n\t\t\t\t<div class=\"elementor-element elementor-element-d26d23b elementor-widget elementor-widget-pix-img\" data-id=\"d26d23b\" data-element_type=\"widget\" data-e-type=\"widget\" data-widget_type=\"pix-img.default\">\n\t\t\t\t<div class=\"elementor-widget-container\">\n\t\t\t\t\t<div id=\"el-d26d23b\" class=\"pix-img-element d-inline-block \" ><div class=\"pix-img-el     left d-inline-block  w-100 rounded-lg\"  ><img decoding=\"async\" width=\"640\" height=\"408\" src=\"https:\/\/vboxx.eu\/wp-content\/uploads\/2025\/01\/microsoft-surface-vboxx.png\" class=\"pix-img-elem rounded-lg\" alt=\"microsoft licenser laptop\" srcset=\"https:\/\/vboxx.eu\/wp-content\/uploads\/2025\/01\/microsoft-surface-vboxx.png 640w, https:\/\/vboxx.eu\/wp-content\/uploads\/2025\/01\/microsoft-surface-vboxx-300x191.png 300w\" sizes=\"(max-width: 640px) 100vw, 640px\" \/><\/div><\/div>\t\t\t\t<\/div>\n\t\t\t\t<\/div>\n\t\t\t\t\t<\/div>\n\t\t\t\t<\/div>\n\t\t<div class=\"elementor-element elementor-element-50dc3f1 e-flex e-con-boxed e-con e-parent\" data-id=\"50dc3f1\" data-element_type=\"container\" data-e-type=\"container\">\n\t\t\t\t\t<div class=\"e-con-inner\">\n\t\t<div class=\"elementor-element elementor-element-24642e8 e-con-full e-flex e-con e-child\" data-id=\"24642e8\" data-element_type=\"container\" data-e-type=\"container\">\n\t\t\t\t<div class=\"elementor-element elementor-element-a882f27 elementor-widget elementor-widget-text-editor\" data-id=\"a882f27\" data-element_type=\"widget\" data-e-type=\"widget\" data-widget_type=\"text-editor.default\">\n\t\t\t\t<div class=\"elementor-widget-container\">\n\t\t\t\t\t\t\t\t\t<h4 class=\"heading\">Er du ikke sikker p\u00e5, hvilke licenser du skal have?<\/h4><div class=\"desc\"> <\/div><p>Vores team af erfarne eksperter st\u00e5r klar til at r\u00e5dgive. <\/p><ul><li>Hardware-rabat p\u00e5 dine OEM-licenser<\/li><li>Online- og offline-licenser til din organisation ved hj\u00e6lp af Open Licenses.<\/li><li>Lej Microsoft-licenser ved hj\u00e6lp af SPLA-modellen.<\/li><\/ul>\t\t\t\t\t\t\t\t<\/div>\n\t\t\t\t<\/div>\n\t\t\t\t<div class=\"elementor-element elementor-element-c8ae56a elementor-widget elementor-widget-pix-button\" data-id=\"c8ae56a\" data-element_type=\"widget\" data-e-type=\"widget\" data-widget_type=\"pix-button.default\">\n\t\t\t\t<div class=\"elementor-widget-container\">\n\t\t\t\t\t<a  href=\"\/contact\" class=\"btn m-0     shadow btn-primary d-inline-flex align-items-center pix-hover-item       btn-md\"     ><svg class=\"pixfort-icon font-weight-bold  pix-hover-left  mr-2\" width=\"24\" height=\"24\"  data-name=\"Line\/pixfort-icon-arrow-right-circle-2\" viewBox=\"2 2 20 20\"><path fill=\"none\" stroke=\"var(--pf-icon-color)\" stroke-linecap=\"round\" stroke-linejoin=\"round\" stroke-width=\"var(--pf-icon-stroke-width)\" d=\"M12,21 C16.9705627,21 21,16.9705627 21,12 C21,7.02943725 16.9705627,3 12,3 C7.02943725,3 3,7.02943725 3,12 C3,16.9705627 7.02943725,21 12,21 Z M10.5,8 L14.5,12 L10.5,16\"\/><\/svg><span class=\"font-weight-bold \" >Kontakt en ekspert<\/span><\/a>\t\t\t\t<\/div>\n\t\t\t\t<\/div>\n\t\t\t\t<\/div>\n\t\t\t\t<div class=\"elementor-element elementor-element-d6d41ab elementor-widget elementor-widget-pix-img\" data-id=\"d6d41ab\" data-element_type=\"widget\" data-e-type=\"widget\" data-widget_type=\"pix-img.default\">\n\t\t\t\t<div class=\"elementor-widget-container\">\n\t\t\t\t\t<div id=\"el-d6d41ab\" class=\"pix-img-element d-inline-block \" ><div class=\"pix-img-el     left d-inline-block  w-100 rounded-lg\"  ><img decoding=\"async\" width=\"374\" height=\"246\" src=\"https:\/\/vboxx.eu\/wp-content\/uploads\/2025\/01\/microsoft-licensing-vboxx.jpg\" class=\"pix-img-elem rounded-lg\" alt=\"Microsoft-licenser \" srcset=\"https:\/\/vboxx.eu\/wp-content\/uploads\/2025\/01\/microsoft-licensing-vboxx.jpg 374w, https:\/\/vboxx.eu\/wp-content\/uploads\/2025\/01\/microsoft-licensing-vboxx-300x197.jpg 300w\" sizes=\"(max-width: 374px) 100vw, 374px\" \/><\/div><\/div>\t\t\t\t<\/div>\n\t\t\t\t<\/div>\n\t\t\t\t\t<\/div>\n\t\t\t\t<\/div>\n\t\t\t\t<\/div>\n\t\t","protected":false},"excerpt":{"rendered":"<p>Microsoft-licenser&#32; Microsoft-licenser: \u00c5ben, OEM og SPLA Maksimer din softwareinvestering vBoxx arbejder ofte med licenser som virtuelle servere, arbejdspladser i skyen og komplette hostede milj\u00f8er til virksomheder. Drag fordel af forskellige rabatter og forskellige muligheder. \u00c5bne licenser OEM SPLA S\u00f8g efter&#8230;<\/p>\n","protected":false},"author":5,"featured_media":23438,"parent":0,"menu_order":0,"comment_status":"closed","ping_status":"closed","template":"","meta":{"footnotes":""},"class_list":["post-23436","page","type-page","status-publish","has-post-thumbnail","hentry"],"yoast_head":"<!-- This site is optimized with the Yoast SEO Premium plugin v27.5 (Yoast SEO v27.5) - https:\/\/yoast.com\/product\/yoast-seo-premium-wordpress\/ -->\n<title>Microsoft-licenser | vBoxx - Secure Hosting and Cloud Solutions<\/title>\n<meta name=\"description\" content=\"vBoxx er SPLA-partner og kan hj\u00e6lpe dig med at maksimere din softwareinvestering. Vi er klar til at hj\u00e6lpe dig med at finde de bedste Microsoft-licenser.\" \/>\n<meta name=\"robots\" content=\"index, follow, max-snippet:-1, max-image-preview:large, max-video-preview:-1\" \/>\n<link rel=\"canonical\" href=\"https:\/\/vboxx.eu\/da\/microsoft-licenser\/\" \/>\n<meta property=\"og:locale\" content=\"da_DK\" \/>\n<meta property=\"og:type\" content=\"article\" \/>\n<meta property=\"og:title\" content=\"Microsoft-licenser\" \/>\n<meta property=\"og:description\" content=\"vBoxx er SPLA-partner og kan hj\u00e6lpe dig med at maksimere din softwareinvestering. Vi er klar til at hj\u00e6lpe dig med at finde de bedste Microsoft-licenser.\" \/>\n<meta property=\"og:url\" content=\"https:\/\/vboxx.eu\/da\/microsoft-licenser\/\" \/>\n<meta property=\"og:site_name\" content=\"vBoxx - Secure Hosting and Cloud Solutions\" \/>\n<meta property=\"article:publisher\" content=\"https:\/\/www.facebook.com\/vboxxbv\" \/>\n<meta property=\"article:modified_time\" content=\"2025-09-03T16:09:53+00:00\" \/>\n<meta property=\"og:image\" content=\"https:\/\/vboxx.eu\/wp-content\/uploads\/2025\/01\/microsoft-spla-vboxx.png\" \/>\n\t<meta property=\"og:image:width\" content=\"1280\" \/>\n\t<meta property=\"og:image:height\" content=\"540\" \/>\n\t<meta property=\"og:image:type\" content=\"image\/png\" \/>\n<meta name=\"twitter:card\" content=\"summary_large_image\" \/>\n<meta name=\"twitter:site\" content=\"@vboxx\" \/>\n<meta name=\"twitter:label1\" content=\"Estimeret l\u00e6setid\" \/>\n\t<meta name=\"twitter:data1\" content=\"1 minut\" \/>\n<script type=\"application\/ld+json\" class=\"yoast-schema-graph\">{\"@context\":\"https:\\\/\\\/schema.org\",\"@graph\":[{\"@type\":\"WebPage\",\"@id\":\"https:\\\/\\\/vboxx.eu\\\/da\\\/microsoft-licenser\\\/\",\"url\":\"https:\\\/\\\/vboxx.eu\\\/da\\\/microsoft-licenser\\\/\",\"name\":\"Microsoft-licenser | vBoxx - Secure Hosting and Cloud Solutions\",\"isPartOf\":{\"@id\":\"https:\\\/\\\/vboxx.eu\\\/da\\\/#website\"},\"primaryImageOfPage\":{\"@id\":\"https:\\\/\\\/vboxx.eu\\\/da\\\/microsoft-licenser\\\/#primaryimage\"},\"image\":{\"@id\":\"https:\\\/\\\/vboxx.eu\\\/da\\\/microsoft-licenser\\\/#primaryimage\"},\"thumbnailUrl\":\"https:\\\/\\\/vboxx.eu\\\/wp-content\\\/uploads\\\/2025\\\/01\\\/microsoft-spla-vboxx.png\",\"datePublished\":\"2025-01-07T12:28:54+00:00\",\"dateModified\":\"2025-09-03T16:09:53+00:00\",\"description\":\"vBoxx er SPLA-partner og kan hj\u00e6lpe dig med at maksimere din softwareinvestering. Vi er klar til at hj\u00e6lpe dig med at finde de bedste Microsoft-licenser.\",\"breadcrumb\":{\"@id\":\"https:\\\/\\\/vboxx.eu\\\/da\\\/microsoft-licenser\\\/#breadcrumb\"},\"inLanguage\":\"da-DK\",\"potentialAction\":[{\"@type\":\"ReadAction\",\"target\":[\"https:\\\/\\\/vboxx.eu\\\/da\\\/microsoft-licenser\\\/\"]}]},{\"@type\":\"ImageObject\",\"inLanguage\":\"da-DK\",\"@id\":\"https:\\\/\\\/vboxx.eu\\\/da\\\/microsoft-licenser\\\/#primaryimage\",\"url\":\"https:\\\/\\\/vboxx.eu\\\/wp-content\\\/uploads\\\/2025\\\/01\\\/microsoft-spla-vboxx.png\",\"contentUrl\":\"https:\\\/\\\/vboxx.eu\\\/wp-content\\\/uploads\\\/2025\\\/01\\\/microsoft-spla-vboxx.png\",\"width\":1280,\"height\":540,\"caption\":\"microsoft spla\"},{\"@type\":\"BreadcrumbList\",\"@id\":\"https:\\\/\\\/vboxx.eu\\\/da\\\/microsoft-licenser\\\/#breadcrumb\",\"itemListElement\":[{\"@type\":\"ListItem\",\"position\":1,\"name\":\"Home\",\"item\":\"https:\\\/\\\/vboxx.eu\\\/da\\\/\"},{\"@type\":\"ListItem\",\"position\":2,\"name\":\"Microsoft-licenser\"}]},{\"@type\":\"WebSite\",\"@id\":\"https:\\\/\\\/vboxx.eu\\\/da\\\/#website\",\"url\":\"https:\\\/\\\/vboxx.eu\\\/da\\\/\",\"name\":\"vBoxx - Secure Hosting and Cloud Solutions\",\"description\":\"Shape a private &amp; secure digital landscape\",\"publisher\":{\"@id\":\"https:\\\/\\\/vboxx.eu\\\/da\\\/#organization\"},\"potentialAction\":[{\"@type\":\"SearchAction\",\"target\":{\"@type\":\"EntryPoint\",\"urlTemplate\":\"https:\\\/\\\/vboxx.eu\\\/da\\\/?s={search_term_string}\"},\"query-input\":{\"@type\":\"PropertyValueSpecification\",\"valueRequired\":true,\"valueName\":\"search_term_string\"}}],\"inLanguage\":\"da-DK\"},{\"@type\":\"Organization\",\"@id\":\"https:\\\/\\\/vboxx.eu\\\/da\\\/#organization\",\"name\":\"vBoxx - Secure Hosting and Cloud Solutions\",\"url\":\"https:\\\/\\\/vboxx.eu\\\/da\\\/\",\"logo\":{\"@type\":\"ImageObject\",\"inLanguage\":\"da-DK\",\"@id\":\"https:\\\/\\\/vboxx.eu\\\/da\\\/#\\\/schema\\\/logo\\\/image\\\/\",\"url\":\"https:\\\/\\\/vboxx.eu\\\/wp-content\\\/uploads\\\/2025\\\/03\\\/vBoxx-Logo.png\",\"contentUrl\":\"https:\\\/\\\/vboxx.eu\\\/wp-content\\\/uploads\\\/2025\\\/03\\\/vBoxx-Logo.png\",\"width\":500,\"height\":532,\"caption\":\"vBoxx - Secure Hosting and Cloud Solutions\"},\"image\":{\"@id\":\"https:\\\/\\\/vboxx.eu\\\/da\\\/#\\\/schema\\\/logo\\\/image\\\/\"},\"sameAs\":[\"https:\\\/\\\/www.facebook.com\\\/vboxxbv\",\"https:\\\/\\\/x.com\\\/vboxx\",\"https:\\\/\\\/www.linkedin.com\\\/company\\\/vboxx-b-v\\\/\",\"https:\\\/\\\/www.instagram.com\\\/vboxx\\\/\"],\"email\":\"marketing@vboxx.eu\",\"telephone\":\"+31702060091\",\"legalName\":\"vBoxx B.V. \\\/ vBoxx Nordics APS.\",\"foundingDate\":\"2012-04-10\",\"vatID\":\"NL851567654B01\",\"duns\":\"490499504\",\"numberOfEmployees\":{\"@type\":\"QuantitativeValue\",\"minValue\":\"11\",\"maxValue\":\"50\"}}]}<\/script>\n<!-- \/ Yoast SEO Premium plugin. -->","yoast_head_json":{"title":"Microsoft-licenser | vBoxx - Secure Hosting and Cloud Solutions","description":"vBoxx er SPLA-partner og kan hj\u00e6lpe dig med at maksimere din softwareinvestering. Vi er klar til at hj\u00e6lpe dig med at finde de bedste Microsoft-licenser.","robots":{"index":"index","follow":"follow","max-snippet":"max-snippet:-1","max-image-preview":"max-image-preview:large","max-video-preview":"max-video-preview:-1"},"canonical":"https:\/\/vboxx.eu\/da\/microsoft-licenser\/","og_locale":"da_DK","og_type":"article","og_title":"Microsoft-licenser","og_description":"vBoxx er SPLA-partner og kan hj\u00e6lpe dig med at maksimere din softwareinvestering. Vi er klar til at hj\u00e6lpe dig med at finde de bedste Microsoft-licenser.","og_url":"https:\/\/vboxx.eu\/da\/microsoft-licenser\/","og_site_name":"vBoxx - Secure Hosting and Cloud Solutions","article_publisher":"https:\/\/www.facebook.com\/vboxxbv","article_modified_time":"2025-09-03T16:09:53+00:00","og_image":[{"width":1280,"height":540,"url":"https:\/\/vboxx.eu\/wp-content\/uploads\/2025\/01\/microsoft-spla-vboxx.png","type":"image\/png"}],"twitter_card":"summary_large_image","twitter_site":"@vboxx","twitter_misc":{"Estimeret l\u00e6setid":"1 minut"},"schema":{"@context":"https:\/\/schema.org","@graph":[{"@type":"WebPage","@id":"https:\/\/vboxx.eu\/da\/microsoft-licenser\/","url":"https:\/\/vboxx.eu\/da\/microsoft-licenser\/","name":"Microsoft-licenser | vBoxx - Secure Hosting and Cloud Solutions","isPartOf":{"@id":"https:\/\/vboxx.eu\/da\/#website"},"primaryImageOfPage":{"@id":"https:\/\/vboxx.eu\/da\/microsoft-licenser\/#primaryimage"},"image":{"@id":"https:\/\/vboxx.eu\/da\/microsoft-licenser\/#primaryimage"},"thumbnailUrl":"https:\/\/vboxx.eu\/wp-content\/uploads\/2025\/01\/microsoft-spla-vboxx.png","datePublished":"2025-01-07T12:28:54+00:00","dateModified":"2025-09-03T16:09:53+00:00","description":"vBoxx er SPLA-partner og kan hj\u00e6lpe dig med at maksimere din softwareinvestering. Vi er klar til at hj\u00e6lpe dig med at finde de bedste Microsoft-licenser.","breadcrumb":{"@id":"https:\/\/vboxx.eu\/da\/microsoft-licenser\/#breadcrumb"},"inLanguage":"da-DK","potentialAction":[{"@type":"ReadAction","target":["https:\/\/vboxx.eu\/da\/microsoft-licenser\/"]}]},{"@type":"ImageObject","inLanguage":"da-DK","@id":"https:\/\/vboxx.eu\/da\/microsoft-licenser\/#primaryimage","url":"https:\/\/vboxx.eu\/wp-content\/uploads\/2025\/01\/microsoft-spla-vboxx.png","contentUrl":"https:\/\/vboxx.eu\/wp-content\/uploads\/2025\/01\/microsoft-spla-vboxx.png","width":1280,"height":540,"caption":"microsoft spla"},{"@type":"BreadcrumbList","@id":"https:\/\/vboxx.eu\/da\/microsoft-licenser\/#breadcrumb","itemListElement":[{"@type":"ListItem","position":1,"name":"Home","item":"https:\/\/vboxx.eu\/da\/"},{"@type":"ListItem","position":2,"name":"Microsoft-licenser"}]},{"@type":"WebSite","@id":"https:\/\/vboxx.eu\/da\/#website","url":"https:\/\/vboxx.eu\/da\/","name":"vBoxx - Secure Hosting and Cloud Solutions","description":"Shape a private &amp; secure digital landscape","publisher":{"@id":"https:\/\/vboxx.eu\/da\/#organization"},"potentialAction":[{"@type":"SearchAction","target":{"@type":"EntryPoint","urlTemplate":"https:\/\/vboxx.eu\/da\/?s={search_term_string}"},"query-input":{"@type":"PropertyValueSpecification","valueRequired":true,"valueName":"search_term_string"}}],"inLanguage":"da-DK"},{"@type":"Organization","@id":"https:\/\/vboxx.eu\/da\/#organization","name":"vBoxx - Secure Hosting and Cloud Solutions","url":"https:\/\/vboxx.eu\/da\/","logo":{"@type":"ImageObject","inLanguage":"da-DK","@id":"https:\/\/vboxx.eu\/da\/#\/schema\/logo\/image\/","url":"https:\/\/vboxx.eu\/wp-content\/uploads\/2025\/03\/vBoxx-Logo.png","contentUrl":"https:\/\/vboxx.eu\/wp-content\/uploads\/2025\/03\/vBoxx-Logo.png","width":500,"height":532,"caption":"vBoxx - Secure Hosting and Cloud Solutions"},"image":{"@id":"https:\/\/vboxx.eu\/da\/#\/schema\/logo\/image\/"},"sameAs":["https:\/\/www.facebook.com\/vboxxbv","https:\/\/x.com\/vboxx","https:\/\/www.linkedin.com\/company\/vboxx-b-v\/","https:\/\/www.instagram.com\/vboxx\/"],"email":"marketing@vboxx.eu","telephone":"+31702060091","legalName":"vBoxx B.V. \/ vBoxx Nordics APS.","foundingDate":"2012-04-10","vatID":"NL851567654B01","duns":"490499504","numberOfEmployees":{"@type":"QuantitativeValue","minValue":"11","maxValue":"50"}}]}},"_links":{"self":[{"href":"https:\/\/vboxx.eu\/da\/wp-json\/wp\/v2\/pages\/23436","targetHints":{"allow":["GET"]}}],"collection":[{"href":"https:\/\/vboxx.eu\/da\/wp-json\/wp\/v2\/pages"}],"about":[{"href":"https:\/\/vboxx.eu\/da\/wp-json\/wp\/v2\/types\/page"}],"author":[{"embeddable":true,"href":"https:\/\/vboxx.eu\/da\/wp-json\/wp\/v2\/users\/5"}],"replies":[{"embeddable":true,"href":"https:\/\/vboxx.eu\/da\/wp-json\/wp\/v2\/comments?post=23436"}],"version-history":[{"count":2,"href":"https:\/\/vboxx.eu\/da\/wp-json\/wp\/v2\/pages\/23436\/revisions"}],"predecessor-version":[{"id":23441,"href":"https:\/\/vboxx.eu\/da\/wp-json\/wp\/v2\/pages\/23436\/revisions\/23441"}],"wp:featuredmedia":[{"embeddable":true,"href":"https:\/\/vboxx.eu\/da\/wp-json\/wp\/v2\/media\/23438"}],"wp:attachment":[{"href":"https:\/\/vboxx.eu\/da\/wp-json\/wp\/v2\/media?parent=23436"}],"curies":[{"name":"wp","href":"https:\/\/api.w.org\/{rel}","templated":true}]}}