{"id":24939,"date":"2025-02-25T08:59:41","date_gmt":"2025-02-25T08:59:41","guid":{"rendered":"https:\/\/vboxx.eu\/cookie-politik\/"},"modified":"2025-12-18T15:24:38","modified_gmt":"2025-12-18T15:24:38","slug":"cookie-politik","status":"publish","type":"page","link":"https:\/\/vboxx.eu\/da\/cookie-politik\/","title":{"rendered":"Cookie-politik"},"content":{"rendered":"\t\t<div data-elementor-type=\"wp-page\" data-elementor-id=\"24939\" class=\"elementor elementor-24939 elementor-15054\" data-elementor-post-type=\"page\">\n\t\t\t\t\t\t<section class=\"pix-elementor-divider elementor-section elementor-top-section elementor-element elementor-element-1d446bc2 elementor-section-boxed elementor-section-height-default elementor-section-height-default\" data-id=\"1d446bc2\" data-element_type=\"section\" data-e-type=\"section\" data-settings=\"{&quot;background_background&quot;:&quot;classic&quot;}\">\n\t\t\t\t\t\t<div class=\"elementor-container elementor-column-gap-default\">\n\t\t\t\t\t<div class=\"elementor-column elementor-col-100 elementor-top-column elementor-element elementor-element-7d1bff8d\" data-id=\"7d1bff8d\" data-element_type=\"column\" data-e-type=\"column\">\n\t\t\t<div class=\"elementor-widget-wrap elementor-element-populated\">\n\t\t\t\t\t\t<section class=\"elementor-section elementor-inner-section elementor-element elementor-element-68fe4641 elementor-section-boxed elementor-section-height-default elementor-section-height-default\" data-id=\"68fe4641\" data-element_type=\"section\" data-e-type=\"section\">\n\t\t\t\t\t\t<div class=\"elementor-container elementor-column-gap-default\">\n\t\t\t\t\t<div class=\"elementor-column elementor-col-100 elementor-inner-column elementor-element elementor-element-3634577\" data-id=\"3634577\" data-element_type=\"column\" data-e-type=\"column\">\n\t\t\t<div class=\"elementor-widget-wrap elementor-element-populated\">\n\t\t\t\t\t\t<div class=\"elementor-element elementor-element-c73c68b elementor-widget elementor-widget-pix-sliding-text\" data-id=\"c73c68b\" data-element_type=\"widget\" data-e-type=\"widget\" data-widget_type=\"pix-sliding-text.default\">\n\t\t\t\t<div class=\"elementor-widget-container\">\n\t\t\t\t\t<div id=\"el-c73c68b\" class=\"mb-3 text-center \"><div class=\"d-inline-block\" style=\"max-width:700px;\"><h1 class=\"mb-32 pix-sliding-headline-2 animate-in font-weight-bold secondary-font \" data-anim-type=\"pix-sliding-text\" pix-anim-delay=\"500\" data-class=\"secondary-font text-heading-default\" style=\"\"><span class=\"slide-in-container \"><span class=\"pix-sliding-item secondary-font text-heading-default\" style=\"transition-delay: 0ms;\">Cookie-politik&#32;<\/span><\/span> <\/h1><\/div><\/div>\t\t\t\t<\/div>\n\t\t\t\t<\/div>\n\t\t\t\t\t<\/div>\n\t\t<\/div>\n\t\t\t\t\t<\/div>\n\t\t<\/section>\n\t\t\t\t\t<\/div>\n\t\t<\/div>\n\t\t\t\t\t<\/div>\n\t\t<\/section>\n\t\t<div class=\"pix-divider  position-relative pix-bottom-divider elementor-element elementor-element-1d446bc2\" data-style=\"style-4\" ><svg xmlns=\"http:\/\/www.w3.org\/2000\/svg\" width=\"100%\"  viewBox=\"0 0 1200 130\" preserveAspectRatio=\"none\"><g class=\"animate-in\" data-anim-type=\"pix-3d-up-in\" data-anim-delay=\"400\"><path class=\"pix-divider-layer-3\" fill=\"url(#divider-pix-accordion-539316-bottom-overlay-layer-3)\" d=\"M0,130 L0,1.42108547e-14 C200,33.3333333 400,50 600,50 C800,50 1000,33.3333333 1200,1.42108547e-14 L1200,130 L0,130 Z\" \/><\/g><g class=\"animate-in\" data-anim-type=\"pix-3d-up-in\" data-anim-delay=\"800\"><path class=\"pix-divider-layer-2\" fill=\"var(--e-global-color-text)\"  d=\"M0,130 L0,30 C200,63.3333333 400,80 600,80 C800,80 1000,63.3333333 1200,30 L1200,130 L0,130 Z\" \/><\/g><path class=\"pix-divider-layer-1\" fill=\"#ffffff\" d=\"M0,130 L0,60 C200,93.3333333 400,110 600,110 C800,110 1000,93.3333333 1200,60 L1200,130 L0,130 Z\"\/><defs><linearGradient id=\"divider-pix-accordion-539316-bottom-overlay-layer-3\" x1=\"0%\" y1=\"0%\" x2=\"100%\" y2=\"0%\"><stop offset=\"0%\"   stop-color=\"#6C757D00\"\/><stop offset=\"100%\"   stop-color=\"#6C757D26\"\/><\/linearGradient><\/defs><\/svg><\/div><div class=\"elementor-element elementor-element-e1714b5 e-flex e-con-boxed e-con e-parent\" data-id=\"e1714b5\" data-element_type=\"container\" data-e-type=\"container\">\n\t\t\t\t\t<div class=\"e-con-inner\">\n\t\t\t\t<div class=\"elementor-element elementor-element-e9fb818 elementor-widget elementor-widget-text-editor\" data-id=\"e9fb818\" data-element_type=\"widget\" data-e-type=\"widget\" data-widget_type=\"text-editor.default\">\n\t\t\t\t<div class=\"elementor-widget-container\">\n\t\t\t\t\t\t\t\t\t<h3 class=\"section-heading\">Hvad er en cookie?<\/h3><p>Vi bruger cookies p\u00e5 vores hjemmeside. En cookie er en simpel lille fil med data fra dette websted, som sendes til din browser og gemmes p\u00e5 din computers harddisk. De oplysninger, der er gemt i denne fil, kan sendes tilbage til vores servere ved dit n\u00e6ste bes\u00f8g.<\/p>\t\t\t\t\t\t\t\t<\/div>\n\t\t\t\t<\/div>\n\t\t<div class=\"elementor-element elementor-element-6d465ec e-con-full e-flex e-con e-child\" data-id=\"6d465ec\" data-element_type=\"container\" data-e-type=\"container\" data-settings=\"{&quot;background_background&quot;:&quot;classic&quot;}\">\n\t\t\t\t<div class=\"elementor-element elementor-element-b6ddb86 elementor-widget elementor-widget-text-editor\" data-id=\"b6ddb86\" data-element_type=\"widget\" data-e-type=\"widget\" data-widget_type=\"text-editor.default\">\n\t\t\t\t<div class=\"elementor-widget-container\">\n\t\t\t\t\t\t\t\t\t<h5><strong>Funktionelle cookies<\/strong><\/h5><p>Funktionelle cookies hj\u00e6lper os med at genkende dig ved gentagne bes\u00f8g p\u00e5 vores hjemmeside. P\u00e5 den m\u00e5de kan vi skr\u00e6ddersy hjemmesiden til dine pr\u00e6ferencer. N\u00e5r du har givet tilladelse, gemmer vi disse oplysninger i en cookie. Derfor beh\u00f8ver du ikke at justere dine pr\u00e6ferencer gentagne gange, og vi kan give dig en bedre oplevelse af hjemmesiden. Derudover kan du fjerne funktionelle cookies via dine browserindstillinger.    <\/p><h5><strong>Analytiske cookies<\/strong><\/h5><p>Vi bruger analytiske cookies til at forst\u00e5, hvilke dele af hjemmesiden du bes\u00f8ger. P\u00e5 den m\u00e5de kan vi forbedre vores tjenester og skabe en bedre oplevelse for bes\u00f8gende baseret p\u00e5 deres browseradf\u00e6rd. Desuden slettes disse cookies automatisk, n\u00e5r du lukker din webbrowser. L\u00e6s mere om, hvordan vi bruger cookies, p\u00e5 vores side om <a href=\"https:\/\/vboxx.eu\/da\/politik-for-beskyttelse-af-personlige-oplysninger\/\" target=\"_blank\" rel=\"noopener noreferrer\">privatlivspolitik<\/a>.   <\/p><h5><strong>Matomo<\/strong><\/h5><p>Vi bruger Matomo som vores analysetjeneste, et alternativ til Google Analytics, der sikrer fuldt dataejerskab. Vi hoster Matomo p\u00e5 vores egen server, s\u00e5 vi deler aldrig analysedata med tredjeparter. Matomo placerer en cookie p\u00e5 vores websted, s\u00e5 vi kan spore og generere rapporter om, hvordan bes\u00f8gende bruger webstedet.  <\/p><p>Ret til at inspicere, rette eller slette dine data<br>Du har ret til at f\u00e5 adgang til, rette eller anmode om fjernelse af dine data. Du kan finde vores kontaktoplysninger p\u00e5 vores kontaktside. For at forhindre misbrug kan vi bede om identifikationsbevis. Hvis du vil bekr\u00e6fte personoplysninger, der er knyttet til en cookie, vil vi bede om en kopi af cookien fra dine browserindstillinger.<\/p><p>Aktivering, deaktivering og sletning af cookies<br>For instruktioner om, hvordan du aktiverer, deaktiverer eller fjerner cookies, se hj\u00e6lpsektionen i din webbrowser.<\/p>\t\t\t\t\t\t\t\t<\/div>\n\t\t\t\t<\/div>\n\t\t\t\t<\/div>\n\t\t\t\t\t<\/div>\n\t\t\t\t<\/div>\n\t\t\t\t<\/div>\n\t\t","protected":false},"excerpt":{"rendered":"<p>Cookie-politik&#32; Hvad er en cookie? Vi bruger cookies p\u00e5 vores hjemmeside. En cookie er en simpel lille fil med data fra dette websted, som sendes til din browser og gemmes p\u00e5 din computers harddisk. De oplysninger, der er gemt i&#8230;<\/p>\n","protected":false},"author":5,"featured_media":23306,"parent":0,"menu_order":0,"comment_status":"closed","ping_status":"closed","template":"","meta":{"footnotes":""},"class_list":["post-24939","page","type-page","status-publish","has-post-thumbnail","hentry"],"yoast_head":"<!-- This site is optimized with the Yoast SEO Premium plugin v27.4 (Yoast SEO v27.4) - https:\/\/yoast.com\/product\/yoast-seo-premium-wordpress\/ -->\n<title>Cookie-politik | vBoxx - Secure Hosting and Cloud Solutions<\/title>\n<meta name=\"description\" content=\"Denne cookiepolitik forklarer, hvad cookies er, og hvordan vi bruger dem. L\u00e6s denne politik, s\u00e5 du kan forst\u00e5, hvilken type cookies vi bruger.\" \/>\n<meta name=\"robots\" content=\"index, follow, max-snippet:-1, max-image-preview:large, max-video-preview:-1\" \/>\n<link rel=\"canonical\" href=\"https:\/\/vboxx.eu\/da\/cookie-politik\/\" \/>\n<meta property=\"og:locale\" content=\"da_DK\" \/>\n<meta property=\"og:type\" content=\"article\" \/>\n<meta property=\"og:title\" content=\"Cookie-politik\" \/>\n<meta property=\"og:description\" content=\"Denne cookiepolitik forklarer, hvad cookies er, og hvordan vi bruger dem. L\u00e6s denne politik, s\u00e5 du kan forst\u00e5, hvilken type cookies vi bruger.\" \/>\n<meta property=\"og:url\" content=\"https:\/\/vboxx.eu\/da\/cookie-politik\/\" \/>\n<meta property=\"og:site_name\" content=\"vBoxx - Secure Hosting and Cloud Solutions\" \/>\n<meta property=\"article:publisher\" content=\"https:\/\/www.facebook.com\/vboxxbv\" \/>\n<meta property=\"article:modified_time\" content=\"2025-12-18T15:24:38+00:00\" \/>\n<meta property=\"og:image\" content=\"https:\/\/vboxx.eu\/wp-content\/uploads\/2024\/12\/logo.png\" \/>\n\t<meta property=\"og:image:width\" content=\"328\" \/>\n\t<meta property=\"og:image:height\" content=\"80\" \/>\n\t<meta property=\"og:image:type\" content=\"image\/png\" \/>\n<meta name=\"twitter:card\" content=\"summary_large_image\" \/>\n<meta name=\"twitter:site\" content=\"@vboxx\" \/>\n<meta name=\"twitter:label1\" content=\"Estimeret l\u00e6setid\" \/>\n\t<meta name=\"twitter:data1\" content=\"2 minutter\" \/>\n<script type=\"application\/ld+json\" class=\"yoast-schema-graph\">{\"@context\":\"https:\\\/\\\/schema.org\",\"@graph\":[{\"@type\":\"WebPage\",\"@id\":\"https:\\\/\\\/vboxx.eu\\\/da\\\/cookie-politik\\\/\",\"url\":\"https:\\\/\\\/vboxx.eu\\\/da\\\/cookie-politik\\\/\",\"name\":\"Cookie-politik | vBoxx - Secure Hosting and Cloud Solutions\",\"isPartOf\":{\"@id\":\"https:\\\/\\\/vboxx.eu\\\/da\\\/#website\"},\"primaryImageOfPage\":{\"@id\":\"https:\\\/\\\/vboxx.eu\\\/da\\\/cookie-politik\\\/#primaryimage\"},\"image\":{\"@id\":\"https:\\\/\\\/vboxx.eu\\\/da\\\/cookie-politik\\\/#primaryimage\"},\"thumbnailUrl\":\"https:\\\/\\\/vboxx.eu\\\/wp-content\\\/uploads\\\/2024\\\/12\\\/logo.png\",\"datePublished\":\"2025-02-25T08:59:41+00:00\",\"dateModified\":\"2025-12-18T15:24:38+00:00\",\"description\":\"Denne cookiepolitik forklarer, hvad cookies er, og hvordan vi bruger dem. L\u00e6s denne politik, s\u00e5 du kan forst\u00e5, hvilken type cookies vi bruger.\",\"breadcrumb\":{\"@id\":\"https:\\\/\\\/vboxx.eu\\\/da\\\/cookie-politik\\\/#breadcrumb\"},\"inLanguage\":\"da-DK\",\"potentialAction\":[{\"@type\":\"ReadAction\",\"target\":[\"https:\\\/\\\/vboxx.eu\\\/da\\\/cookie-politik\\\/\"]}]},{\"@type\":\"ImageObject\",\"inLanguage\":\"da-DK\",\"@id\":\"https:\\\/\\\/vboxx.eu\\\/da\\\/cookie-politik\\\/#primaryimage\",\"url\":\"https:\\\/\\\/vboxx.eu\\\/wp-content\\\/uploads\\\/2024\\\/12\\\/logo.png\",\"contentUrl\":\"https:\\\/\\\/vboxx.eu\\\/wp-content\\\/uploads\\\/2024\\\/12\\\/logo.png\",\"width\":328,\"height\":80,\"caption\":\"vboxx logo\"},{\"@type\":\"BreadcrumbList\",\"@id\":\"https:\\\/\\\/vboxx.eu\\\/da\\\/cookie-politik\\\/#breadcrumb\",\"itemListElement\":[{\"@type\":\"ListItem\",\"position\":1,\"name\":\"Home\",\"item\":\"https:\\\/\\\/vboxx.eu\\\/da\\\/\"},{\"@type\":\"ListItem\",\"position\":2,\"name\":\"Cookie-politik\"}]},{\"@type\":\"WebSite\",\"@id\":\"https:\\\/\\\/vboxx.eu\\\/da\\\/#website\",\"url\":\"https:\\\/\\\/vboxx.eu\\\/da\\\/\",\"name\":\"vBoxx - Secure Hosting and Cloud Solutions\",\"description\":\"Shape a private &amp; secure digital landscape\",\"publisher\":{\"@id\":\"https:\\\/\\\/vboxx.eu\\\/da\\\/#organization\"},\"potentialAction\":[{\"@type\":\"SearchAction\",\"target\":{\"@type\":\"EntryPoint\",\"urlTemplate\":\"https:\\\/\\\/vboxx.eu\\\/da\\\/?s={search_term_string}\"},\"query-input\":{\"@type\":\"PropertyValueSpecification\",\"valueRequired\":true,\"valueName\":\"search_term_string\"}}],\"inLanguage\":\"da-DK\"},{\"@type\":\"Organization\",\"@id\":\"https:\\\/\\\/vboxx.eu\\\/da\\\/#organization\",\"name\":\"vBoxx - Secure Hosting and Cloud Solutions\",\"url\":\"https:\\\/\\\/vboxx.eu\\\/da\\\/\",\"logo\":{\"@type\":\"ImageObject\",\"inLanguage\":\"da-DK\",\"@id\":\"https:\\\/\\\/vboxx.eu\\\/da\\\/#\\\/schema\\\/logo\\\/image\\\/\",\"url\":\"https:\\\/\\\/vboxx.eu\\\/wp-content\\\/uploads\\\/2025\\\/03\\\/vBoxx-Logo.png\",\"contentUrl\":\"https:\\\/\\\/vboxx.eu\\\/wp-content\\\/uploads\\\/2025\\\/03\\\/vBoxx-Logo.png\",\"width\":500,\"height\":532,\"caption\":\"vBoxx - Secure Hosting and Cloud Solutions\"},\"image\":{\"@id\":\"https:\\\/\\\/vboxx.eu\\\/da\\\/#\\\/schema\\\/logo\\\/image\\\/\"},\"sameAs\":[\"https:\\\/\\\/www.facebook.com\\\/vboxxbv\",\"https:\\\/\\\/x.com\\\/vboxx\",\"https:\\\/\\\/www.linkedin.com\\\/company\\\/vboxx-b-v\\\/\",\"https:\\\/\\\/www.instagram.com\\\/vboxx\\\/\"],\"email\":\"marketing@vboxx.eu\",\"telephone\":\"+31702060091\",\"legalName\":\"vBoxx B.V. \\\/ vBoxx Nordics APS.\",\"foundingDate\":\"2012-04-10\",\"vatID\":\"NL851567654B01\",\"duns\":\"490499504\",\"numberOfEmployees\":{\"@type\":\"QuantitativeValue\",\"minValue\":\"11\",\"maxValue\":\"50\"}}]}<\/script>\n<!-- \/ Yoast SEO Premium plugin. -->","yoast_head_json":{"title":"Cookie-politik | vBoxx - Secure Hosting and Cloud Solutions","description":"Denne cookiepolitik forklarer, hvad cookies er, og hvordan vi bruger dem. L\u00e6s denne politik, s\u00e5 du kan forst\u00e5, hvilken type cookies vi bruger.","robots":{"index":"index","follow":"follow","max-snippet":"max-snippet:-1","max-image-preview":"max-image-preview:large","max-video-preview":"max-video-preview:-1"},"canonical":"https:\/\/vboxx.eu\/da\/cookie-politik\/","og_locale":"da_DK","og_type":"article","og_title":"Cookie-politik","og_description":"Denne cookiepolitik forklarer, hvad cookies er, og hvordan vi bruger dem. L\u00e6s denne politik, s\u00e5 du kan forst\u00e5, hvilken type cookies vi bruger.","og_url":"https:\/\/vboxx.eu\/da\/cookie-politik\/","og_site_name":"vBoxx - Secure Hosting and Cloud Solutions","article_publisher":"https:\/\/www.facebook.com\/vboxxbv","article_modified_time":"2025-12-18T15:24:38+00:00","og_image":[{"width":328,"height":80,"url":"https:\/\/vboxx.eu\/wp-content\/uploads\/2024\/12\/logo.png","type":"image\/png"}],"twitter_card":"summary_large_image","twitter_site":"@vboxx","twitter_misc":{"Estimeret l\u00e6setid":"2 minutter"},"schema":{"@context":"https:\/\/schema.org","@graph":[{"@type":"WebPage","@id":"https:\/\/vboxx.eu\/da\/cookie-politik\/","url":"https:\/\/vboxx.eu\/da\/cookie-politik\/","name":"Cookie-politik | vBoxx - Secure Hosting and Cloud Solutions","isPartOf":{"@id":"https:\/\/vboxx.eu\/da\/#website"},"primaryImageOfPage":{"@id":"https:\/\/vboxx.eu\/da\/cookie-politik\/#primaryimage"},"image":{"@id":"https:\/\/vboxx.eu\/da\/cookie-politik\/#primaryimage"},"thumbnailUrl":"https:\/\/vboxx.eu\/wp-content\/uploads\/2024\/12\/logo.png","datePublished":"2025-02-25T08:59:41+00:00","dateModified":"2025-12-18T15:24:38+00:00","description":"Denne cookiepolitik forklarer, hvad cookies er, og hvordan vi bruger dem. L\u00e6s denne politik, s\u00e5 du kan forst\u00e5, hvilken type cookies vi bruger.","breadcrumb":{"@id":"https:\/\/vboxx.eu\/da\/cookie-politik\/#breadcrumb"},"inLanguage":"da-DK","potentialAction":[{"@type":"ReadAction","target":["https:\/\/vboxx.eu\/da\/cookie-politik\/"]}]},{"@type":"ImageObject","inLanguage":"da-DK","@id":"https:\/\/vboxx.eu\/da\/cookie-politik\/#primaryimage","url":"https:\/\/vboxx.eu\/wp-content\/uploads\/2024\/12\/logo.png","contentUrl":"https:\/\/vboxx.eu\/wp-content\/uploads\/2024\/12\/logo.png","width":328,"height":80,"caption":"vboxx logo"},{"@type":"BreadcrumbList","@id":"https:\/\/vboxx.eu\/da\/cookie-politik\/#breadcrumb","itemListElement":[{"@type":"ListItem","position":1,"name":"Home","item":"https:\/\/vboxx.eu\/da\/"},{"@type":"ListItem","position":2,"name":"Cookie-politik"}]},{"@type":"WebSite","@id":"https:\/\/vboxx.eu\/da\/#website","url":"https:\/\/vboxx.eu\/da\/","name":"vBoxx - Secure Hosting and Cloud Solutions","description":"Shape a private &amp; secure digital landscape","publisher":{"@id":"https:\/\/vboxx.eu\/da\/#organization"},"potentialAction":[{"@type":"SearchAction","target":{"@type":"EntryPoint","urlTemplate":"https:\/\/vboxx.eu\/da\/?s={search_term_string}"},"query-input":{"@type":"PropertyValueSpecification","valueRequired":true,"valueName":"search_term_string"}}],"inLanguage":"da-DK"},{"@type":"Organization","@id":"https:\/\/vboxx.eu\/da\/#organization","name":"vBoxx - Secure Hosting and Cloud Solutions","url":"https:\/\/vboxx.eu\/da\/","logo":{"@type":"ImageObject","inLanguage":"da-DK","@id":"https:\/\/vboxx.eu\/da\/#\/schema\/logo\/image\/","url":"https:\/\/vboxx.eu\/wp-content\/uploads\/2025\/03\/vBoxx-Logo.png","contentUrl":"https:\/\/vboxx.eu\/wp-content\/uploads\/2025\/03\/vBoxx-Logo.png","width":500,"height":532,"caption":"vBoxx - Secure Hosting and Cloud Solutions"},"image":{"@id":"https:\/\/vboxx.eu\/da\/#\/schema\/logo\/image\/"},"sameAs":["https:\/\/www.facebook.com\/vboxxbv","https:\/\/x.com\/vboxx","https:\/\/www.linkedin.com\/company\/vboxx-b-v\/","https:\/\/www.instagram.com\/vboxx\/"],"email":"marketing@vboxx.eu","telephone":"+31702060091","legalName":"vBoxx B.V. \/ vBoxx Nordics APS.","foundingDate":"2012-04-10","vatID":"NL851567654B01","duns":"490499504","numberOfEmployees":{"@type":"QuantitativeValue","minValue":"11","maxValue":"50"}}]}},"_links":{"self":[{"href":"https:\/\/vboxx.eu\/da\/wp-json\/wp\/v2\/pages\/24939","targetHints":{"allow":["GET"]}}],"collection":[{"href":"https:\/\/vboxx.eu\/da\/wp-json\/wp\/v2\/pages"}],"about":[{"href":"https:\/\/vboxx.eu\/da\/wp-json\/wp\/v2\/types\/page"}],"author":[{"embeddable":true,"href":"https:\/\/vboxx.eu\/da\/wp-json\/wp\/v2\/users\/5"}],"replies":[{"embeddable":true,"href":"https:\/\/vboxx.eu\/da\/wp-json\/wp\/v2\/comments?post=24939"}],"version-history":[{"count":9,"href":"https:\/\/vboxx.eu\/da\/wp-json\/wp\/v2\/pages\/24939\/revisions"}],"predecessor-version":[{"id":34170,"href":"https:\/\/vboxx.eu\/da\/wp-json\/wp\/v2\/pages\/24939\/revisions\/34170"}],"wp:featuredmedia":[{"embeddable":true,"href":"https:\/\/vboxx.eu\/da\/wp-json\/wp\/v2\/media\/23306"}],"wp:attachment":[{"href":"https:\/\/vboxx.eu\/da\/wp-json\/wp\/v2\/media?parent=24939"}],"curies":[{"name":"wp","href":"https:\/\/api.w.org\/{rel}","templated":true}]}}