{"id":15109,"date":"2025-02-25T08:59:41","date_gmt":"2025-02-25T08:59:41","guid":{"rendered":"https:\/\/vboxx.eu\/politica-de-cookies\/"},"modified":"2025-12-18T15:23:53","modified_gmt":"2025-12-18T15:23:53","slug":"politica-de-cookies","status":"publish","type":"page","link":"https:\/\/vboxx.eu\/es\/politica-de-cookies\/","title":{"rendered":"Pol\u00edtica de cookies"},"content":{"rendered":"\t\t<div data-elementor-type=\"wp-page\" data-elementor-id=\"15109\" class=\"elementor elementor-15109 elementor-15054\" data-elementor-post-type=\"page\">\n\t\t\t\t\t\t<section class=\"pix-elementor-divider elementor-section elementor-top-section elementor-element elementor-element-1d446bc2 elementor-section-boxed elementor-section-height-default elementor-section-height-default\" data-id=\"1d446bc2\" data-element_type=\"section\" data-e-type=\"section\" data-settings=\"{&quot;background_background&quot;:&quot;classic&quot;}\">\n\t\t\t\t\t\t<div class=\"elementor-container elementor-column-gap-default\">\n\t\t\t\t\t<div class=\"elementor-column elementor-col-100 elementor-top-column elementor-element elementor-element-7d1bff8d\" data-id=\"7d1bff8d\" data-element_type=\"column\" data-e-type=\"column\">\n\t\t\t<div class=\"elementor-widget-wrap elementor-element-populated\">\n\t\t\t\t\t\t<section class=\"elementor-section elementor-inner-section elementor-element elementor-element-68fe4641 elementor-section-boxed elementor-section-height-default elementor-section-height-default\" data-id=\"68fe4641\" data-element_type=\"section\" data-e-type=\"section\">\n\t\t\t\t\t\t<div class=\"elementor-container elementor-column-gap-default\">\n\t\t\t\t\t<div class=\"elementor-column elementor-col-100 elementor-inner-column elementor-element elementor-element-3634577\" data-id=\"3634577\" data-element_type=\"column\" data-e-type=\"column\">\n\t\t\t<div class=\"elementor-widget-wrap elementor-element-populated\">\n\t\t\t\t\t\t<div class=\"elementor-element elementor-element-c73c68b elementor-widget elementor-widget-pix-sliding-text\" data-id=\"c73c68b\" data-element_type=\"widget\" data-e-type=\"widget\" data-widget_type=\"pix-sliding-text.default\">\n\t\t\t\t<div class=\"elementor-widget-container\">\n\t\t\t\t\t<div id=\"el-c73c68b\" class=\"mb-3 text-center \"><div class=\"d-inline-block\" style=\"max-width:700px;\"><h1 class=\"mb-32 pix-sliding-headline-2 animate-in font-weight-bold secondary-font \" data-anim-type=\"pix-sliding-text\" pix-anim-delay=\"500\" data-class=\"secondary-font text-heading-default\" style=\"\"><span class=\"slide-in-container \"><span class=\"pix-sliding-item secondary-font text-heading-default\" style=\"transition-delay: 0ms;\">Pol\u00edtica&#32;<\/span><\/span> <span class=\"slide-in-container \"><span class=\"pix-sliding-item secondary-font text-heading-default\" style=\"transition-delay: 30ms;\">de&#32;<\/span><\/span> <span class=\"slide-in-container \"><span class=\"pix-sliding-item secondary-font text-heading-default\" style=\"transition-delay: 60ms;\">cookies&#32;<\/span><\/span> <\/h1><\/div><\/div>\t\t\t\t<\/div>\n\t\t\t\t<\/div>\n\t\t\t\t\t<\/div>\n\t\t<\/div>\n\t\t\t\t\t<\/div>\n\t\t<\/section>\n\t\t\t\t\t<\/div>\n\t\t<\/div>\n\t\t\t\t\t<\/div>\n\t\t<\/section>\n\t\t<div class=\"pix-divider  position-relative pix-bottom-divider elementor-element elementor-element-1d446bc2\" data-style=\"style-4\" ><svg xmlns=\"http:\/\/www.w3.org\/2000\/svg\" width=\"100%\"  viewBox=\"0 0 1200 130\" preserveAspectRatio=\"none\"><g class=\"animate-in\" data-anim-type=\"pix-3d-up-in\" data-anim-delay=\"400\"><path class=\"pix-divider-layer-3\" fill=\"url(#divider-pix-accordion-677771-bottom-overlay-layer-3)\" d=\"M0,130 L0,1.42108547e-14 C200,33.3333333 400,50 600,50 C800,50 1000,33.3333333 1200,1.42108547e-14 L1200,130 L0,130 Z\" \/><\/g><g class=\"animate-in\" data-anim-type=\"pix-3d-up-in\" data-anim-delay=\"800\"><path class=\"pix-divider-layer-2\" fill=\"var(--e-global-color-text)\"  d=\"M0,130 L0,30 C200,63.3333333 400,80 600,80 C800,80 1000,63.3333333 1200,30 L1200,130 L0,130 Z\" \/><\/g><path class=\"pix-divider-layer-1\" fill=\"#ffffff\" d=\"M0,130 L0,60 C200,93.3333333 400,110 600,110 C800,110 1000,93.3333333 1200,60 L1200,130 L0,130 Z\"\/><defs><linearGradient id=\"divider-pix-accordion-677771-bottom-overlay-layer-3\" x1=\"0%\" y1=\"0%\" x2=\"100%\" y2=\"0%\"><stop offset=\"0%\"   stop-color=\"#6C757D00\"\/><stop offset=\"100%\"   stop-color=\"#6C757D26\"\/><\/linearGradient><\/defs><\/svg><\/div><div class=\"elementor-element elementor-element-e1714b5 e-flex e-con-boxed e-con e-parent\" data-id=\"e1714b5\" data-element_type=\"container\" data-e-type=\"container\">\n\t\t\t\t\t<div class=\"e-con-inner\">\n\t\t\t\t<div class=\"elementor-element elementor-element-e9fb818 elementor-widget elementor-widget-text-editor\" data-id=\"e9fb818\" data-element_type=\"widget\" data-e-type=\"widget\" data-widget_type=\"text-editor.default\">\n\t\t\t\t<div class=\"elementor-widget-container\">\n\t\t\t\t\t\t\t\t\t<h3 class=\"section-heading\">\u00bfQu\u00e9 es una cookie?<\/h3><p>Utilizamos cookies en nuestro sitio web. Una cookie es un simple archivo peque\u00f1o con datos de este sitio web\u00a0 enviado a tu navegador y almacenado en tu disco duro desde tu ordenador. La informaci\u00f3n almacenada en este archivo puede ser devuelta a nuestros servidores en tu pr\u00f3xima visita.<\/p>\t\t\t\t\t\t\t\t<\/div>\n\t\t\t\t<\/div>\n\t\t<div class=\"elementor-element elementor-element-6d465ec e-con-full e-flex e-con e-child\" data-id=\"6d465ec\" data-element_type=\"container\" data-e-type=\"container\" data-settings=\"{&quot;background_background&quot;:&quot;classic&quot;}\">\n\t\t\t\t<div class=\"elementor-element elementor-element-b6ddb86 elementor-widget elementor-widget-text-editor\" data-id=\"b6ddb86\" data-element_type=\"widget\" data-e-type=\"widget\" data-widget_type=\"text-editor.default\">\n\t\t\t\t<div class=\"elementor-widget-container\">\n\t\t\t\t\t\t\t\t\t<h5><strong>Cookies funcionales<\/strong><\/h5>\n<p>Las cookies funcionales nos ayudan a reconocerte durante visitas repetidas a nuestro sitio web. Como resultado, podemos adaptar el sitio web a tus preferencias. Una vez que das tu permiso, almacenamos esta informaci\u00f3n en una cookie. Por lo tanto, no tendr\u00e1s que ajustar tus preferencias repetidamente, y podremos ofrecerte una mejor experiencia en el sitio web. Adem\u00e1s, puedes eliminar las cookies funcionales a trav\u00e9s de la configuraci\u00f3n de tu navegador.<\/p>\n<h5><strong>Cookies anal\u00edticas<\/strong><\/h5>\n<p>Utilizamos cookies anal\u00edticas para saber qu\u00e9 partes del sitio web visitas. De este modo, podemos mejorar nuestros servicios y crear una mejor experiencia para los visitantes bas\u00e1ndonos en su comportamiento de navegaci\u00f3n. Adem\u00e1s, estas cookies se borran autom\u00e1ticamente cuando cierras tu navegador web. Obt\u00e9n m\u00e1s informaci\u00f3n sobre c\u00f3mo utilizamos las cookies en nuestra p\u00e1gina de <a href=\"https:\/\/vboxx.eu\/es\/politica-de-privacidad\/\" target=\"_blank\" rel=\"noopener noreferrer\">Pol\u00edtica de privacidad<\/a>.<\/p>\n<h5><strong>Matomo<\/strong><\/h5>\n<p>Utilizamos Matomo como servicio de an\u00e1lisis, una alternativa a Google Analytics que garantiza la plena propiedad de los datos. Alojamos Matomo en nuestro propio servidor, por lo que nunca compartimos datos anal\u00edticos con terceros. Matomo coloca una cookie en nuestro sitio web, lo que nos permite rastrear y generar informes sobre c\u00f3mo utilizan el sitio los visitantes.<\/p>\n<p>Derecho a inspeccionar, corregir o eliminar tus datos<br \/>Tienes derecho a acceder a tus datos, rectificarlos o solicitar su supresi\u00f3n. Puedes encontrar nuestros datos de contacto en nuestra p\u00e1gina de contacto. Para evitar usos indebidos, podemos pedirte una prueba de identificaci\u00f3n. Si quieres verificar los datos personales vinculados a una cookie, te pediremos una copia de la cookie en la configuraci\u00f3n de tu navegador.<\/p>\n<p>Activar, desactivar y eliminar cookies<br \/>Para obtener instrucciones sobre c\u00f3mo activar, desactivar o eliminar las cookies, consulta la secci\u00f3n de ayuda de tu navegador web.<\/p>\n\t\t\t\t\t\t\t\t<\/div>\n\t\t\t\t<\/div>\n\t\t\t\t<\/div>\n\t\t\t\t\t<\/div>\n\t\t\t\t<\/div>\n\t\t\t\t<\/div>\n\t\t","protected":false},"excerpt":{"rendered":"<p>Pol\u00edtica&#32; de&#32; cookies&#32; \u00bfQu\u00e9 es una cookie? Utilizamos cookies en nuestro sitio web. Una cookie es un simple archivo peque\u00f1o con datos de este sitio web\u00a0 enviado a tu navegador y almacenado en tu disco duro desde tu ordenador. La&#8230;<\/p>\n","protected":false},"author":5,"featured_media":16298,"parent":0,"menu_order":0,"comment_status":"closed","ping_status":"closed","template":"","meta":{"footnotes":""},"class_list":["post-15109","page","type-page","status-publish","has-post-thumbnail","hentry"],"yoast_head":"<!-- This site is optimized with the Yoast SEO Premium plugin v27.4 (Yoast SEO v27.4) - https:\/\/yoast.com\/product\/yoast-seo-premium-wordpress\/ -->\n<title>Pol\u00edtica de cookies | vBoxx - Secure Hosting and Cloud Solutions<\/title>\n<meta name=\"description\" content=\"Esta pol\u00edtica de cookies explica qu\u00e9 son las cookies y c\u00f3mo las utilizamos. Lee esta pol\u00edtica para entender qu\u00e9 tipo de cookies utilizamos\" \/>\n<meta name=\"robots\" content=\"index, follow, max-snippet:-1, max-image-preview:large, max-video-preview:-1\" \/>\n<link rel=\"canonical\" href=\"https:\/\/vboxx.eu\/es\/politica-de-cookies\/\" \/>\n<meta property=\"og:locale\" content=\"es_ES\" \/>\n<meta property=\"og:type\" content=\"article\" \/>\n<meta property=\"og:title\" content=\"Pol\u00edtica de cookies\" \/>\n<meta property=\"og:description\" content=\"Esta pol\u00edtica de cookies explica qu\u00e9 son las cookies y c\u00f3mo las utilizamos. Lee esta pol\u00edtica para entender qu\u00e9 tipo de cookies utilizamos\" \/>\n<meta property=\"og:url\" content=\"https:\/\/vboxx.eu\/es\/politica-de-cookies\/\" \/>\n<meta property=\"og:site_name\" content=\"vBoxx - Secure Hosting and Cloud Solutions\" \/>\n<meta property=\"article:publisher\" content=\"https:\/\/www.facebook.com\/vboxxbv\" \/>\n<meta property=\"article:modified_time\" content=\"2025-12-18T15:23:53+00:00\" \/>\n<meta property=\"og:image\" content=\"https:\/\/vboxx.eu\/wp-content\/uploads\/2024\/12\/logo.png\" \/>\n\t<meta property=\"og:image:width\" content=\"328\" \/>\n\t<meta property=\"og:image:height\" content=\"80\" \/>\n\t<meta property=\"og:image:type\" content=\"image\/png\" \/>\n<meta name=\"twitter:card\" content=\"summary_large_image\" \/>\n<meta name=\"twitter:site\" content=\"@vboxx\" \/>\n<meta name=\"twitter:label1\" content=\"Tiempo de lectura\" \/>\n\t<meta name=\"twitter:data1\" content=\"2 minutos\" \/>\n<script type=\"application\/ld+json\" class=\"yoast-schema-graph\">{\"@context\":\"https:\\\/\\\/schema.org\",\"@graph\":[{\"@type\":\"WebPage\",\"@id\":\"https:\\\/\\\/vboxx.eu\\\/es\\\/politica-de-cookies\\\/\",\"url\":\"https:\\\/\\\/vboxx.eu\\\/es\\\/politica-de-cookies\\\/\",\"name\":\"Pol\u00edtica de cookies | vBoxx - Secure Hosting and Cloud Solutions\",\"isPartOf\":{\"@id\":\"https:\\\/\\\/vboxx.eu\\\/es\\\/#website\"},\"primaryImageOfPage\":{\"@id\":\"https:\\\/\\\/vboxx.eu\\\/es\\\/politica-de-cookies\\\/#primaryimage\"},\"image\":{\"@id\":\"https:\\\/\\\/vboxx.eu\\\/es\\\/politica-de-cookies\\\/#primaryimage\"},\"thumbnailUrl\":\"https:\\\/\\\/vboxx.eu\\\/wp-content\\\/uploads\\\/2024\\\/12\\\/logo.png\",\"datePublished\":\"2025-02-25T08:59:41+00:00\",\"dateModified\":\"2025-12-18T15:23:53+00:00\",\"description\":\"Esta pol\u00edtica de cookies explica qu\u00e9 son las cookies y c\u00f3mo las utilizamos. Lee esta pol\u00edtica para entender qu\u00e9 tipo de cookies utilizamos\",\"breadcrumb\":{\"@id\":\"https:\\\/\\\/vboxx.eu\\\/es\\\/politica-de-cookies\\\/#breadcrumb\"},\"inLanguage\":\"es\",\"potentialAction\":[{\"@type\":\"ReadAction\",\"target\":[\"https:\\\/\\\/vboxx.eu\\\/es\\\/politica-de-cookies\\\/\"]}]},{\"@type\":\"ImageObject\",\"inLanguage\":\"es\",\"@id\":\"https:\\\/\\\/vboxx.eu\\\/es\\\/politica-de-cookies\\\/#primaryimage\",\"url\":\"https:\\\/\\\/vboxx.eu\\\/wp-content\\\/uploads\\\/2024\\\/12\\\/logo.png\",\"contentUrl\":\"https:\\\/\\\/vboxx.eu\\\/wp-content\\\/uploads\\\/2024\\\/12\\\/logo.png\",\"width\":328,\"height\":80,\"caption\":\"vboxx contact\"},{\"@type\":\"BreadcrumbList\",\"@id\":\"https:\\\/\\\/vboxx.eu\\\/es\\\/politica-de-cookies\\\/#breadcrumb\",\"itemListElement\":[{\"@type\":\"ListItem\",\"position\":1,\"name\":\"Home\",\"item\":\"https:\\\/\\\/vboxx.eu\\\/es\\\/\"},{\"@type\":\"ListItem\",\"position\":2,\"name\":\"Pol\u00edtica de cookies\"}]},{\"@type\":\"WebSite\",\"@id\":\"https:\\\/\\\/vboxx.eu\\\/es\\\/#website\",\"url\":\"https:\\\/\\\/vboxx.eu\\\/es\\\/\",\"name\":\"vBoxx - Secure Hosting and Cloud Solutions\",\"description\":\"Shape a private &amp; secure digital landscape\",\"publisher\":{\"@id\":\"https:\\\/\\\/vboxx.eu\\\/es\\\/#organization\"},\"potentialAction\":[{\"@type\":\"SearchAction\",\"target\":{\"@type\":\"EntryPoint\",\"urlTemplate\":\"https:\\\/\\\/vboxx.eu\\\/es\\\/?s={search_term_string}\"},\"query-input\":{\"@type\":\"PropertyValueSpecification\",\"valueRequired\":true,\"valueName\":\"search_term_string\"}}],\"inLanguage\":\"es\"},{\"@type\":\"Organization\",\"@id\":\"https:\\\/\\\/vboxx.eu\\\/es\\\/#organization\",\"name\":\"vBoxx - Secure Hosting and Cloud Solutions\",\"url\":\"https:\\\/\\\/vboxx.eu\\\/es\\\/\",\"logo\":{\"@type\":\"ImageObject\",\"inLanguage\":\"es\",\"@id\":\"https:\\\/\\\/vboxx.eu\\\/es\\\/#\\\/schema\\\/logo\\\/image\\\/\",\"url\":\"https:\\\/\\\/vboxx.eu\\\/wp-content\\\/uploads\\\/2025\\\/03\\\/vBoxx-Logo.png\",\"contentUrl\":\"https:\\\/\\\/vboxx.eu\\\/wp-content\\\/uploads\\\/2025\\\/03\\\/vBoxx-Logo.png\",\"width\":500,\"height\":532,\"caption\":\"vBoxx - Secure Hosting and Cloud Solutions\"},\"image\":{\"@id\":\"https:\\\/\\\/vboxx.eu\\\/es\\\/#\\\/schema\\\/logo\\\/image\\\/\"},\"sameAs\":[\"https:\\\/\\\/www.facebook.com\\\/vboxxbv\",\"https:\\\/\\\/x.com\\\/vboxx\",\"https:\\\/\\\/www.linkedin.com\\\/company\\\/vboxx-b-v\\\/\",\"https:\\\/\\\/www.instagram.com\\\/vboxx\\\/\"],\"email\":\"marketing@vboxx.eu\",\"telephone\":\"+31702060091\",\"legalName\":\"vBoxx B.V. \\\/ vBoxx Nordics APS.\",\"foundingDate\":\"2012-04-10\",\"vatID\":\"NL851567654B01\",\"duns\":\"490499504\",\"numberOfEmployees\":{\"@type\":\"QuantitativeValue\",\"minValue\":\"11\",\"maxValue\":\"50\"}}]}<\/script>\n<!-- \/ Yoast SEO Premium plugin. -->","yoast_head_json":{"title":"Pol\u00edtica de cookies | vBoxx - Secure Hosting and Cloud Solutions","description":"Esta pol\u00edtica de cookies explica qu\u00e9 son las cookies y c\u00f3mo las utilizamos. Lee esta pol\u00edtica para entender qu\u00e9 tipo de cookies utilizamos","robots":{"index":"index","follow":"follow","max-snippet":"max-snippet:-1","max-image-preview":"max-image-preview:large","max-video-preview":"max-video-preview:-1"},"canonical":"https:\/\/vboxx.eu\/es\/politica-de-cookies\/","og_locale":"es_ES","og_type":"article","og_title":"Pol\u00edtica de cookies","og_description":"Esta pol\u00edtica de cookies explica qu\u00e9 son las cookies y c\u00f3mo las utilizamos. Lee esta pol\u00edtica para entender qu\u00e9 tipo de cookies utilizamos","og_url":"https:\/\/vboxx.eu\/es\/politica-de-cookies\/","og_site_name":"vBoxx - Secure Hosting and Cloud Solutions","article_publisher":"https:\/\/www.facebook.com\/vboxxbv","article_modified_time":"2025-12-18T15:23:53+00:00","og_image":[{"width":328,"height":80,"url":"https:\/\/vboxx.eu\/wp-content\/uploads\/2024\/12\/logo.png","type":"image\/png"}],"twitter_card":"summary_large_image","twitter_site":"@vboxx","twitter_misc":{"Tiempo de lectura":"2 minutos"},"schema":{"@context":"https:\/\/schema.org","@graph":[{"@type":"WebPage","@id":"https:\/\/vboxx.eu\/es\/politica-de-cookies\/","url":"https:\/\/vboxx.eu\/es\/politica-de-cookies\/","name":"Pol\u00edtica de cookies | vBoxx - Secure Hosting and Cloud Solutions","isPartOf":{"@id":"https:\/\/vboxx.eu\/es\/#website"},"primaryImageOfPage":{"@id":"https:\/\/vboxx.eu\/es\/politica-de-cookies\/#primaryimage"},"image":{"@id":"https:\/\/vboxx.eu\/es\/politica-de-cookies\/#primaryimage"},"thumbnailUrl":"https:\/\/vboxx.eu\/wp-content\/uploads\/2024\/12\/logo.png","datePublished":"2025-02-25T08:59:41+00:00","dateModified":"2025-12-18T15:23:53+00:00","description":"Esta pol\u00edtica de cookies explica qu\u00e9 son las cookies y c\u00f3mo las utilizamos. Lee esta pol\u00edtica para entender qu\u00e9 tipo de cookies utilizamos","breadcrumb":{"@id":"https:\/\/vboxx.eu\/es\/politica-de-cookies\/#breadcrumb"},"inLanguage":"es","potentialAction":[{"@type":"ReadAction","target":["https:\/\/vboxx.eu\/es\/politica-de-cookies\/"]}]},{"@type":"ImageObject","inLanguage":"es","@id":"https:\/\/vboxx.eu\/es\/politica-de-cookies\/#primaryimage","url":"https:\/\/vboxx.eu\/wp-content\/uploads\/2024\/12\/logo.png","contentUrl":"https:\/\/vboxx.eu\/wp-content\/uploads\/2024\/12\/logo.png","width":328,"height":80,"caption":"vboxx contact"},{"@type":"BreadcrumbList","@id":"https:\/\/vboxx.eu\/es\/politica-de-cookies\/#breadcrumb","itemListElement":[{"@type":"ListItem","position":1,"name":"Home","item":"https:\/\/vboxx.eu\/es\/"},{"@type":"ListItem","position":2,"name":"Pol\u00edtica de cookies"}]},{"@type":"WebSite","@id":"https:\/\/vboxx.eu\/es\/#website","url":"https:\/\/vboxx.eu\/es\/","name":"vBoxx - Secure Hosting and Cloud Solutions","description":"Shape a private &amp; secure digital landscape","publisher":{"@id":"https:\/\/vboxx.eu\/es\/#organization"},"potentialAction":[{"@type":"SearchAction","target":{"@type":"EntryPoint","urlTemplate":"https:\/\/vboxx.eu\/es\/?s={search_term_string}"},"query-input":{"@type":"PropertyValueSpecification","valueRequired":true,"valueName":"search_term_string"}}],"inLanguage":"es"},{"@type":"Organization","@id":"https:\/\/vboxx.eu\/es\/#organization","name":"vBoxx - Secure Hosting and Cloud Solutions","url":"https:\/\/vboxx.eu\/es\/","logo":{"@type":"ImageObject","inLanguage":"es","@id":"https:\/\/vboxx.eu\/es\/#\/schema\/logo\/image\/","url":"https:\/\/vboxx.eu\/wp-content\/uploads\/2025\/03\/vBoxx-Logo.png","contentUrl":"https:\/\/vboxx.eu\/wp-content\/uploads\/2025\/03\/vBoxx-Logo.png","width":500,"height":532,"caption":"vBoxx - Secure Hosting and Cloud Solutions"},"image":{"@id":"https:\/\/vboxx.eu\/es\/#\/schema\/logo\/image\/"},"sameAs":["https:\/\/www.facebook.com\/vboxxbv","https:\/\/x.com\/vboxx","https:\/\/www.linkedin.com\/company\/vboxx-b-v\/","https:\/\/www.instagram.com\/vboxx\/"],"email":"marketing@vboxx.eu","telephone":"+31702060091","legalName":"vBoxx B.V. \/ vBoxx Nordics APS.","foundingDate":"2012-04-10","vatID":"NL851567654B01","duns":"490499504","numberOfEmployees":{"@type":"QuantitativeValue","minValue":"11","maxValue":"50"}}]}},"_links":{"self":[{"href":"https:\/\/vboxx.eu\/es\/wp-json\/wp\/v2\/pages\/15109","targetHints":{"allow":["GET"]}}],"collection":[{"href":"https:\/\/vboxx.eu\/es\/wp-json\/wp\/v2\/pages"}],"about":[{"href":"https:\/\/vboxx.eu\/es\/wp-json\/wp\/v2\/types\/page"}],"author":[{"embeddable":true,"href":"https:\/\/vboxx.eu\/es\/wp-json\/wp\/v2\/users\/5"}],"replies":[{"embeddable":true,"href":"https:\/\/vboxx.eu\/es\/wp-json\/wp\/v2\/comments?post=15109"}],"version-history":[{"count":26,"href":"https:\/\/vboxx.eu\/es\/wp-json\/wp\/v2\/pages\/15109\/revisions"}],"predecessor-version":[{"id":34156,"href":"https:\/\/vboxx.eu\/es\/wp-json\/wp\/v2\/pages\/15109\/revisions\/34156"}],"wp:featuredmedia":[{"embeddable":true,"href":"https:\/\/vboxx.eu\/es\/wp-json\/wp\/v2\/media\/16298"}],"wp:attachment":[{"href":"https:\/\/vboxx.eu\/es\/wp-json\/wp\/v2\/media?parent=15109"}],"curies":[{"name":"wp","href":"https:\/\/api.w.org\/{rel}","templated":true}]}}