{"id":22817,"date":"2025-02-25T08:59:41","date_gmt":"2025-02-25T08:59:41","guid":{"rendered":"https:\/\/vboxx.eu\/cookie-politikk\/"},"modified":"2025-12-18T15:24:10","modified_gmt":"2025-12-18T15:24:10","slug":"cookie-politikk","status":"publish","type":"page","link":"https:\/\/vboxx.eu\/no\/cookie-politikk\/","title":{"rendered":"Cookie Politikk"},"content":{"rendered":"\t\t<div data-elementor-type=\"wp-page\" data-elementor-id=\"22817\" class=\"elementor elementor-22817 elementor-15054\" data-elementor-post-type=\"page\">\n\t\t\t\t\t\t<section class=\"pix-elementor-divider elementor-section elementor-top-section elementor-element elementor-element-1d446bc2 elementor-section-boxed elementor-section-height-default elementor-section-height-default\" data-id=\"1d446bc2\" data-element_type=\"section\" data-e-type=\"section\" data-settings=\"{&quot;background_background&quot;:&quot;classic&quot;}\">\n\t\t\t\t\t\t<div class=\"elementor-container elementor-column-gap-default\">\n\t\t\t\t\t<div class=\"elementor-column elementor-col-100 elementor-top-column elementor-element elementor-element-7d1bff8d\" data-id=\"7d1bff8d\" data-element_type=\"column\" data-e-type=\"column\">\n\t\t\t<div class=\"elementor-widget-wrap elementor-element-populated\">\n\t\t\t\t\t\t<section class=\"elementor-section elementor-inner-section elementor-element elementor-element-68fe4641 elementor-section-boxed elementor-section-height-default elementor-section-height-default\" data-id=\"68fe4641\" data-element_type=\"section\" data-e-type=\"section\">\n\t\t\t\t\t\t<div class=\"elementor-container elementor-column-gap-default\">\n\t\t\t\t\t<div class=\"elementor-column elementor-col-100 elementor-inner-column elementor-element elementor-element-3634577\" data-id=\"3634577\" data-element_type=\"column\" data-e-type=\"column\">\n\t\t\t<div class=\"elementor-widget-wrap elementor-element-populated\">\n\t\t\t\t\t\t<div class=\"elementor-element elementor-element-c73c68b elementor-widget elementor-widget-pix-sliding-text\" data-id=\"c73c68b\" data-element_type=\"widget\" data-e-type=\"widget\" data-widget_type=\"pix-sliding-text.default\">\n\t\t\t\t<div class=\"elementor-widget-container\">\n\t\t\t\t\t<div id=\"el-c73c68b\" class=\"mb-3 text-center \"><div class=\"d-inline-block\" style=\"max-width:700px;\"><h1 class=\"mb-32 pix-sliding-headline-2 animate-in font-weight-bold secondary-font \" data-anim-type=\"pix-sliding-text\" pix-anim-delay=\"500\" data-class=\"secondary-font text-heading-default\" style=\"\"><span class=\"slide-in-container \"><span class=\"pix-sliding-item secondary-font text-heading-default\" style=\"transition-delay: 0ms;\">Cookie&#32;<\/span><\/span> <span class=\"slide-in-container \"><span class=\"pix-sliding-item secondary-font text-heading-default\" style=\"transition-delay: 30ms;\">Politikk&#32;<\/span><\/span> <\/h1><\/div><\/div>\t\t\t\t<\/div>\n\t\t\t\t<\/div>\n\t\t\t\t\t<\/div>\n\t\t<\/div>\n\t\t\t\t\t<\/div>\n\t\t<\/section>\n\t\t\t\t\t<\/div>\n\t\t<\/div>\n\t\t\t\t\t<\/div>\n\t\t<\/section>\n\t\t<div class=\"pix-divider  position-relative pix-bottom-divider elementor-element elementor-element-1d446bc2\" data-style=\"style-4\" ><svg xmlns=\"http:\/\/www.w3.org\/2000\/svg\" width=\"100%\"  viewBox=\"0 0 1200 130\" preserveAspectRatio=\"none\"><g class=\"animate-in\" data-anim-type=\"pix-3d-up-in\" data-anim-delay=\"400\"><path class=\"pix-divider-layer-3\" fill=\"url(#divider-pix-accordion-680454-bottom-overlay-layer-3)\" d=\"M0,130 L0,1.42108547e-14 C200,33.3333333 400,50 600,50 C800,50 1000,33.3333333 1200,1.42108547e-14 L1200,130 L0,130 Z\" \/><\/g><g class=\"animate-in\" data-anim-type=\"pix-3d-up-in\" data-anim-delay=\"800\"><path class=\"pix-divider-layer-2\" fill=\"var(--e-global-color-text)\"  d=\"M0,130 L0,30 C200,63.3333333 400,80 600,80 C800,80 1000,63.3333333 1200,30 L1200,130 L0,130 Z\" \/><\/g><path class=\"pix-divider-layer-1\" fill=\"#ffffff\" d=\"M0,130 L0,60 C200,93.3333333 400,110 600,110 C800,110 1000,93.3333333 1200,60 L1200,130 L0,130 Z\"\/><defs><linearGradient id=\"divider-pix-accordion-680454-bottom-overlay-layer-3\" x1=\"0%\" y1=\"0%\" x2=\"100%\" y2=\"0%\"><stop offset=\"0%\"   stop-color=\"#6C757D00\"\/><stop offset=\"100%\"   stop-color=\"#6C757D26\"\/><\/linearGradient><\/defs><\/svg><\/div><div class=\"elementor-element elementor-element-e1714b5 e-flex e-con-boxed e-con e-parent\" data-id=\"e1714b5\" data-element_type=\"container\" data-e-type=\"container\">\n\t\t\t\t\t<div class=\"e-con-inner\">\n\t\t\t\t<div class=\"elementor-element elementor-element-e9fb818 elementor-widget elementor-widget-text-editor\" data-id=\"e9fb818\" data-element_type=\"widget\" data-e-type=\"widget\" data-widget_type=\"text-editor.default\">\n\t\t\t\t<div class=\"elementor-widget-container\">\n\t\t\t\t\t\t\t\t\t<h3 class=\"section-heading\">Hva er en cookie?<\/h3><p>Vi bruker cookies p\u00e5 v\u00e5rt nettsted. En cookie er en enkel liten fil med data fra dette nettstedet som sendes til din nettleser og lagres p\u00e5 harddisken din fra datamaskinen din. Informasjonen lagret i denne filen kan returneres til v\u00e5re servere p\u00e5 ditt neste bes\u00f8k.<\/p>\t\t\t\t\t\t\t\t<\/div>\n\t\t\t\t<\/div>\n\t\t<div class=\"elementor-element elementor-element-6d465ec e-con-full e-flex e-con e-child\" data-id=\"6d465ec\" data-element_type=\"container\" data-e-type=\"container\" data-settings=\"{&quot;background_background&quot;:&quot;classic&quot;}\">\n\t\t\t\t<div class=\"elementor-element elementor-element-b6ddb86 elementor-widget elementor-widget-text-editor\" data-id=\"b6ddb86\" data-element_type=\"widget\" data-e-type=\"widget\" data-widget_type=\"text-editor.default\">\n\t\t\t\t<div class=\"elementor-widget-container\">\n\t\t\t\t\t\t\t\t\t<h5><strong>Funksjonelle cookies<\/strong><\/h5><p>Funksjonelle cookies hjelper oss \u00e5 gjenkjenne deg under gjentatte bes\u00f8k p\u00e5 v\u00e5rt nettsted. Som resultat kan vi tilpasse nettstedet til dine preferanser. N\u00e5r du gir tillatelse, lagrer vi denne informasjonen i en cookie. Derfor trenger du ikke \u00e5 justere dine preferanser gjentatte ganger, og vi kan tilby en bedre nettsted-opplevelse. I tillegg kan du fjerne funksjonelle cookies gjennom nettleser-innstillingene dine.    <\/p><h5><strong>Analytiske cookies<\/strong><\/h5><p>Vi bruker analytiske cookies for \u00e5 forst\u00e5 hvilke deler av nettstedet du bes\u00f8ker. P\u00e5 denne m\u00e5ten kan vi forbedre v\u00e5re tjenester og skape en bedre opplevelse for bes\u00f8kende basert p\u00e5 deres nettleser-atferd. I tillegg sletter disse cookie-ne automatisk n\u00e5r du lukker nettleseren din. L\u00e6r mer om hvordan vi bruker cookies p\u00e5 v\u00e5r <a href=\"https:\/\/vboxx.eu\/privacy-policy\/\" target=\"_blank\" rel=\"noopener noreferrer\">Privacy Policy<\/a> side.   <\/p><h5><strong>Matomo<\/strong><\/h5><p>Vi bruker Matomo som v\u00e5rt analyseverkt\u00f8y, et alternativ til Google Analytics som sikrer full data-eierskap. Vi har Matomo p\u00e5 eget server, s\u00e5 vi deler aldri analyse-data med tredjeparter. Matomo plasserer en cookie p\u00e5 v\u00e5rt nettsted, som gj\u00f8r at vi kan spore og generere rapporter om hvordan bes\u00f8kende bruker nettstedet.  <\/p><p>Rett til \u00e5 inspisere, korrigere eller slette dine data<br>Du har rett til \u00e5 f\u00e5 tilgang til, korrigere eller be om \u00e5 fjerne dine data. Du kan finne v\u00e5re kontaktopplysninger p\u00e5 v\u00e5r kontakt-side. For \u00e5 forebygge misbruk, kan vi be om identifikasjon. Hvis du \u00f8nsker \u00e5 verifisere personlige data koblet til en cookie, vil vi be om en kopi av cookie-en fra nettleser-innstillingene dine.   <\/p><p>Aktivering, deaktivering og sletting av cookies<br>For instruksjoner p\u00e5 \u00e5 aktivere, deaktivere eller fjerne cookies, se hjelpesektionen i nettleseren din.<\/p>\t\t\t\t\t\t\t\t<\/div>\n\t\t\t\t<\/div>\n\t\t\t\t<\/div>\n\t\t\t\t\t<\/div>\n\t\t\t\t<\/div>\n\t\t\t\t<\/div>\n\t\t","protected":false},"excerpt":{"rendered":"<p>Cookie&#32; Politikk&#32; Hva er en cookie? Vi bruker cookies p\u00e5 v\u00e5rt nettsted. En cookie er en enkel liten fil med data fra dette nettstedet som sendes til din nettleser og lagres p\u00e5 harddisken din fra datamaskinen din. Informasjonen lagret i&#8230;<\/p>\n","protected":false},"author":5,"featured_media":22811,"parent":0,"menu_order":0,"comment_status":"closed","ping_status":"closed","template":"","meta":{"footnotes":""},"class_list":["post-22817","page","type-page","status-publish","has-post-thumbnail","hentry"],"yoast_head":"<!-- This site is optimized with the Yoast SEO Premium plugin v27.4 (Yoast SEO v27.4) - https:\/\/yoast.com\/product\/yoast-seo-premium-wordpress\/ -->\n<title>Cookie Politikk | vBoxx - Secure Hosting and Cloud Solutions<\/title>\n<meta name=\"description\" content=\"Denne cookie-politikken forklarer hva cookies er og hvordan vi bruker dem. Les denne politikken for \u00e5 forst\u00e5 hva slags cookies vi bruker\" \/>\n<meta name=\"robots\" content=\"index, follow, max-snippet:-1, max-image-preview:large, max-video-preview:-1\" \/>\n<link rel=\"canonical\" href=\"https:\/\/vboxx.eu\/no\/cookie-politikk\/\" \/>\n<meta property=\"og:locale\" content=\"nb_NO\" \/>\n<meta property=\"og:type\" content=\"article\" \/>\n<meta property=\"og:title\" content=\"Cookie Politikk\" \/>\n<meta property=\"og:description\" content=\"Denne cookie-politikken forklarer hva cookies er og hvordan vi bruker dem. Les denne politikken for \u00e5 forst\u00e5 hva slags cookies vi bruker\" \/>\n<meta property=\"og:url\" content=\"https:\/\/vboxx.eu\/no\/cookie-politikk\/\" \/>\n<meta property=\"og:site_name\" content=\"vBoxx - Secure Hosting and Cloud Solutions\" \/>\n<meta property=\"article:publisher\" content=\"https:\/\/www.facebook.com\/vboxxbv\" \/>\n<meta property=\"article:modified_time\" content=\"2025-12-18T15:24:10+00:00\" \/>\n<meta property=\"og:image\" content=\"https:\/\/vboxx.eu\/wp-content\/uploads\/2024\/12\/logo.png\" \/>\n\t<meta property=\"og:image:width\" content=\"328\" \/>\n\t<meta property=\"og:image:height\" content=\"80\" \/>\n\t<meta property=\"og:image:type\" content=\"image\/png\" \/>\n<meta name=\"twitter:card\" content=\"summary_large_image\" \/>\n<meta name=\"twitter:site\" content=\"@vboxx\" \/>\n<meta name=\"twitter:label1\" content=\"Ansl. lesetid\" \/>\n\t<meta name=\"twitter:data1\" content=\"2 minutter\" \/>\n<script type=\"application\/ld+json\" class=\"yoast-schema-graph\">{\"@context\":\"https:\\\/\\\/schema.org\",\"@graph\":[{\"@type\":\"WebPage\",\"@id\":\"https:\\\/\\\/vboxx.eu\\\/no\\\/cookie-politikk\\\/\",\"url\":\"https:\\\/\\\/vboxx.eu\\\/no\\\/cookie-politikk\\\/\",\"name\":\"Cookie Politikk | vBoxx - Secure Hosting and Cloud Solutions\",\"isPartOf\":{\"@id\":\"https:\\\/\\\/vboxx.eu\\\/no\\\/#website\"},\"primaryImageOfPage\":{\"@id\":\"https:\\\/\\\/vboxx.eu\\\/no\\\/cookie-politikk\\\/#primaryimage\"},\"image\":{\"@id\":\"https:\\\/\\\/vboxx.eu\\\/no\\\/cookie-politikk\\\/#primaryimage\"},\"thumbnailUrl\":\"https:\\\/\\\/vboxx.eu\\\/wp-content\\\/uploads\\\/2024\\\/12\\\/logo.png\",\"datePublished\":\"2025-02-25T08:59:41+00:00\",\"dateModified\":\"2025-12-18T15:24:10+00:00\",\"description\":\"Denne cookie-politikken forklarer hva cookies er og hvordan vi bruker dem. Les denne politikken for \u00e5 forst\u00e5 hva slags cookies vi bruker\",\"breadcrumb\":{\"@id\":\"https:\\\/\\\/vboxx.eu\\\/no\\\/cookie-politikk\\\/#breadcrumb\"},\"inLanguage\":\"nb-NO\",\"potentialAction\":[{\"@type\":\"ReadAction\",\"target\":[\"https:\\\/\\\/vboxx.eu\\\/no\\\/cookie-politikk\\\/\"]}]},{\"@type\":\"ImageObject\",\"inLanguage\":\"nb-NO\",\"@id\":\"https:\\\/\\\/vboxx.eu\\\/no\\\/cookie-politikk\\\/#primaryimage\",\"url\":\"https:\\\/\\\/vboxx.eu\\\/wp-content\\\/uploads\\\/2024\\\/12\\\/logo.png\",\"contentUrl\":\"https:\\\/\\\/vboxx.eu\\\/wp-content\\\/uploads\\\/2024\\\/12\\\/logo.png\",\"width\":328,\"height\":80,\"caption\":\"vboxx logo\"},{\"@type\":\"BreadcrumbList\",\"@id\":\"https:\\\/\\\/vboxx.eu\\\/no\\\/cookie-politikk\\\/#breadcrumb\",\"itemListElement\":[{\"@type\":\"ListItem\",\"position\":1,\"name\":\"Home\",\"item\":\"https:\\\/\\\/vboxx.eu\\\/no\\\/\"},{\"@type\":\"ListItem\",\"position\":2,\"name\":\"Cookie Politikk\"}]},{\"@type\":\"WebSite\",\"@id\":\"https:\\\/\\\/vboxx.eu\\\/no\\\/#website\",\"url\":\"https:\\\/\\\/vboxx.eu\\\/no\\\/\",\"name\":\"vBoxx - Secure Hosting and Cloud Solutions\",\"description\":\"Shape a private &amp; secure digital landscape\",\"publisher\":{\"@id\":\"https:\\\/\\\/vboxx.eu\\\/no\\\/#organization\"},\"potentialAction\":[{\"@type\":\"SearchAction\",\"target\":{\"@type\":\"EntryPoint\",\"urlTemplate\":\"https:\\\/\\\/vboxx.eu\\\/no\\\/?s={search_term_string}\"},\"query-input\":{\"@type\":\"PropertyValueSpecification\",\"valueRequired\":true,\"valueName\":\"search_term_string\"}}],\"inLanguage\":\"nb-NO\"},{\"@type\":\"Organization\",\"@id\":\"https:\\\/\\\/vboxx.eu\\\/no\\\/#organization\",\"name\":\"vBoxx - Secure Hosting and Cloud Solutions\",\"url\":\"https:\\\/\\\/vboxx.eu\\\/no\\\/\",\"logo\":{\"@type\":\"ImageObject\",\"inLanguage\":\"nb-NO\",\"@id\":\"https:\\\/\\\/vboxx.eu\\\/no\\\/#\\\/schema\\\/logo\\\/image\\\/\",\"url\":\"https:\\\/\\\/vboxx.eu\\\/wp-content\\\/uploads\\\/2025\\\/03\\\/vBoxx-Logo.png\",\"contentUrl\":\"https:\\\/\\\/vboxx.eu\\\/wp-content\\\/uploads\\\/2025\\\/03\\\/vBoxx-Logo.png\",\"width\":500,\"height\":532,\"caption\":\"vBoxx - Secure Hosting and Cloud Solutions\"},\"image\":{\"@id\":\"https:\\\/\\\/vboxx.eu\\\/no\\\/#\\\/schema\\\/logo\\\/image\\\/\"},\"sameAs\":[\"https:\\\/\\\/www.facebook.com\\\/vboxxbv\",\"https:\\\/\\\/x.com\\\/vboxx\",\"https:\\\/\\\/www.linkedin.com\\\/company\\\/vboxx-b-v\\\/\",\"https:\\\/\\\/www.instagram.com\\\/vboxx\\\/\"],\"email\":\"marketing@vboxx.eu\",\"telephone\":\"+31702060091\",\"legalName\":\"vBoxx B.V. \\\/ vBoxx Nordics APS.\",\"foundingDate\":\"2012-04-10\",\"vatID\":\"NL851567654B01\",\"duns\":\"490499504\",\"numberOfEmployees\":{\"@type\":\"QuantitativeValue\",\"minValue\":\"11\",\"maxValue\":\"50\"}}]}<\/script>\n<!-- \/ Yoast SEO Premium plugin. -->","yoast_head_json":{"title":"Cookie Politikk | vBoxx - Secure Hosting and Cloud Solutions","description":"Denne cookie-politikken forklarer hva cookies er og hvordan vi bruker dem. Les denne politikken for \u00e5 forst\u00e5 hva slags cookies vi bruker","robots":{"index":"index","follow":"follow","max-snippet":"max-snippet:-1","max-image-preview":"max-image-preview:large","max-video-preview":"max-video-preview:-1"},"canonical":"https:\/\/vboxx.eu\/no\/cookie-politikk\/","og_locale":"nb_NO","og_type":"article","og_title":"Cookie Politikk","og_description":"Denne cookie-politikken forklarer hva cookies er og hvordan vi bruker dem. Les denne politikken for \u00e5 forst\u00e5 hva slags cookies vi bruker","og_url":"https:\/\/vboxx.eu\/no\/cookie-politikk\/","og_site_name":"vBoxx - Secure Hosting and Cloud Solutions","article_publisher":"https:\/\/www.facebook.com\/vboxxbv","article_modified_time":"2025-12-18T15:24:10+00:00","og_image":[{"width":328,"height":80,"url":"https:\/\/vboxx.eu\/wp-content\/uploads\/2024\/12\/logo.png","type":"image\/png"}],"twitter_card":"summary_large_image","twitter_site":"@vboxx","twitter_misc":{"Ansl. lesetid":"2 minutter"},"schema":{"@context":"https:\/\/schema.org","@graph":[{"@type":"WebPage","@id":"https:\/\/vboxx.eu\/no\/cookie-politikk\/","url":"https:\/\/vboxx.eu\/no\/cookie-politikk\/","name":"Cookie Politikk | vBoxx - Secure Hosting and Cloud Solutions","isPartOf":{"@id":"https:\/\/vboxx.eu\/no\/#website"},"primaryImageOfPage":{"@id":"https:\/\/vboxx.eu\/no\/cookie-politikk\/#primaryimage"},"image":{"@id":"https:\/\/vboxx.eu\/no\/cookie-politikk\/#primaryimage"},"thumbnailUrl":"https:\/\/vboxx.eu\/wp-content\/uploads\/2024\/12\/logo.png","datePublished":"2025-02-25T08:59:41+00:00","dateModified":"2025-12-18T15:24:10+00:00","description":"Denne cookie-politikken forklarer hva cookies er og hvordan vi bruker dem. Les denne politikken for \u00e5 forst\u00e5 hva slags cookies vi bruker","breadcrumb":{"@id":"https:\/\/vboxx.eu\/no\/cookie-politikk\/#breadcrumb"},"inLanguage":"nb-NO","potentialAction":[{"@type":"ReadAction","target":["https:\/\/vboxx.eu\/no\/cookie-politikk\/"]}]},{"@type":"ImageObject","inLanguage":"nb-NO","@id":"https:\/\/vboxx.eu\/no\/cookie-politikk\/#primaryimage","url":"https:\/\/vboxx.eu\/wp-content\/uploads\/2024\/12\/logo.png","contentUrl":"https:\/\/vboxx.eu\/wp-content\/uploads\/2024\/12\/logo.png","width":328,"height":80,"caption":"vboxx logo"},{"@type":"BreadcrumbList","@id":"https:\/\/vboxx.eu\/no\/cookie-politikk\/#breadcrumb","itemListElement":[{"@type":"ListItem","position":1,"name":"Home","item":"https:\/\/vboxx.eu\/no\/"},{"@type":"ListItem","position":2,"name":"Cookie Politikk"}]},{"@type":"WebSite","@id":"https:\/\/vboxx.eu\/no\/#website","url":"https:\/\/vboxx.eu\/no\/","name":"vBoxx - Secure Hosting and Cloud Solutions","description":"Shape a private &amp; secure digital landscape","publisher":{"@id":"https:\/\/vboxx.eu\/no\/#organization"},"potentialAction":[{"@type":"SearchAction","target":{"@type":"EntryPoint","urlTemplate":"https:\/\/vboxx.eu\/no\/?s={search_term_string}"},"query-input":{"@type":"PropertyValueSpecification","valueRequired":true,"valueName":"search_term_string"}}],"inLanguage":"nb-NO"},{"@type":"Organization","@id":"https:\/\/vboxx.eu\/no\/#organization","name":"vBoxx - Secure Hosting and Cloud Solutions","url":"https:\/\/vboxx.eu\/no\/","logo":{"@type":"ImageObject","inLanguage":"nb-NO","@id":"https:\/\/vboxx.eu\/no\/#\/schema\/logo\/image\/","url":"https:\/\/vboxx.eu\/wp-content\/uploads\/2025\/03\/vBoxx-Logo.png","contentUrl":"https:\/\/vboxx.eu\/wp-content\/uploads\/2025\/03\/vBoxx-Logo.png","width":500,"height":532,"caption":"vBoxx - Secure Hosting and Cloud Solutions"},"image":{"@id":"https:\/\/vboxx.eu\/no\/#\/schema\/logo\/image\/"},"sameAs":["https:\/\/www.facebook.com\/vboxxbv","https:\/\/x.com\/vboxx","https:\/\/www.linkedin.com\/company\/vboxx-b-v\/","https:\/\/www.instagram.com\/vboxx\/"],"email":"marketing@vboxx.eu","telephone":"+31702060091","legalName":"vBoxx B.V. \/ vBoxx Nordics APS.","foundingDate":"2012-04-10","vatID":"NL851567654B01","duns":"490499504","numberOfEmployees":{"@type":"QuantitativeValue","minValue":"11","maxValue":"50"}}]}},"_links":{"self":[{"href":"https:\/\/vboxx.eu\/no\/wp-json\/wp\/v2\/pages\/22817","targetHints":{"allow":["GET"]}}],"collection":[{"href":"https:\/\/vboxx.eu\/no\/wp-json\/wp\/v2\/pages"}],"about":[{"href":"https:\/\/vboxx.eu\/no\/wp-json\/wp\/v2\/types\/page"}],"author":[{"embeddable":true,"href":"https:\/\/vboxx.eu\/no\/wp-json\/wp\/v2\/users\/5"}],"replies":[{"embeddable":true,"href":"https:\/\/vboxx.eu\/no\/wp-json\/wp\/v2\/comments?post=22817"}],"version-history":[{"count":9,"href":"https:\/\/vboxx.eu\/no\/wp-json\/wp\/v2\/pages\/22817\/revisions"}],"predecessor-version":[{"id":34162,"href":"https:\/\/vboxx.eu\/no\/wp-json\/wp\/v2\/pages\/22817\/revisions\/34162"}],"wp:featuredmedia":[{"embeddable":true,"href":"https:\/\/vboxx.eu\/no\/wp-json\/wp\/v2\/media\/22811"}],"wp:attachment":[{"href":"https:\/\/vboxx.eu\/no\/wp-json\/wp\/v2\/media?parent=22817"}],"curies":[{"name":"wp","href":"https:\/\/api.w.org\/{rel}","templated":true}]}}